{"id":101,"date":"2025-07-17T01:41:57","date_gmt":"2025-07-17T01:41:57","guid":{"rendered":"https:\/\/darkgreen-mallard-222988.hostingersite.com\/?page_id=101"},"modified":"2025-07-17T01:54:29","modified_gmt":"2025-07-17T01:54:29","slug":"bienes-y-servicios","status":"publish","type":"page","link":"https:\/\/luxartaesthetics.com\/en\/bienes-y-servicios\/","title":{"rendered":"Goods and Services"},"content":{"rendered":"<div data-elementor-type=\"wp-page\" data-elementor-id=\"101\" class=\"elementor elementor-101\" data-elementor-post-type=\"page\">\n\t\t\t\t<div class=\"elementor-element elementor-element-78446d9 e-flex e-con-boxed e-con e-parent\" data-id=\"78446d9\" data-element_type=\"container\" data-e-type=\"container\" data-settings=\"{&quot;background_background&quot;:&quot;classic&quot;}\">\n\t\t\t\t\t<div class=\"e-con-inner\">\n\t\t\t\t<div class=\"elementor-element elementor-element-3d91716 elementor-widget elementor-widget-heading\" data-id=\"3d91716\" data-element_type=\"widget\" data-e-type=\"widget\" data-widget_type=\"heading.default\">\n\t\t\t\t\t<h2 class=\"elementor-heading-title elementor-size-default\">GOODS AND SERVICES<\/h2>\t\t\t\t<\/div>\n\t\t\t\t<div class=\"elementor-element elementor-element-5fd5e0c elementor-widget elementor-widget-text-editor\" data-id=\"5fd5e0c\" data-element_type=\"widget\" data-e-type=\"widget\" data-widget_type=\"text-editor.default\">\n\t\t\t\t\t\t\t\t\t<p><strong>Art as an experience: discover our artwork, products, and personalized services.<\/strong><\/p>\t\t\t\t\t\t\t\t<\/div>\n\t\t\t\t\t<\/div>\n\t\t\t\t<\/div>\n\t\t<div class=\"elementor-element elementor-element-72abeab e-flex e-con-boxed e-con e-parent\" data-id=\"72abeab\" data-element_type=\"container\" data-e-type=\"container\">\n\t\t\t\t\t<div class=\"e-con-inner\">\n\t\t<div class=\"elementor-element elementor-element-46b08f9 e-con-full e-flex e-con e-child\" data-id=\"46b08f9\" data-element_type=\"container\" data-e-type=\"container\">\n\t\t\t\t<div class=\"elementor-element elementor-element-1c5f3e5 elementor-widget elementor-widget-heading\" data-id=\"1c5f3e5\" data-element_type=\"widget\" data-e-type=\"widget\" data-widget_type=\"heading.default\">\n\t\t\t\t\t<h2 class=\"elementor-heading-title elementor-size-default\">SERVICES<\/h2>\t\t\t\t<\/div>\n\t\t\t\t<\/div>\n\t\t<div class=\"elementor-element elementor-element-93760e7 e-con-full e-flex e-con e-child\" data-id=\"93760e7\" data-element_type=\"container\" data-e-type=\"container\">\n\t\t\t\t<div class=\"elementor-element elementor-element-753b00a elementor-widget elementor-widget-image\" data-id=\"753b00a\" data-element_type=\"widget\" data-e-type=\"widget\" data-widget_type=\"image.default\">\n\t\t\t\t\t\t\t\t\t\t\t\t\t\t\t<img fetchpriority=\"high\" decoding=\"async\" width=\"800\" height=\"644\" src=\"https:\/\/luxartaesthetics.com\/wp-content\/uploads\/2025\/07\/imgi_69_photo-1723721393021-01bed3ec5681-1024x824.jpg\" class=\"attachment-large size-large wp-image-81\" alt=\"\" srcset=\"https:\/\/luxartaesthetics.com\/wp-content\/uploads\/2025\/07\/imgi_69_photo-1723721393021-01bed3ec5681-1024x824.jpg 1024w, https:\/\/luxartaesthetics.com\/wp-content\/uploads\/2025\/07\/imgi_69_photo-1723721393021-01bed3ec5681-300x241.jpg 300w, https:\/\/luxartaesthetics.com\/wp-content\/uploads\/2025\/07\/imgi_69_photo-1723721393021-01bed3ec5681-768x618.jpg 768w, https:\/\/luxartaesthetics.com\/wp-content\/uploads\/2025\/07\/imgi_69_photo-1723721393021-01bed3ec5681-600x483.jpg 600w, https:\/\/luxartaesthetics.com\/wp-content\/uploads\/2025\/07\/imgi_69_photo-1723721393021-01bed3ec5681.jpg 1080w\" sizes=\"(max-width: 800px) 100vw, 800px\" \/>\t\t\t\t\t\t\t\t\t\t\t\t\t\t\t<\/div>\n\t\t\t\t<\/div>\n\t\t<div class=\"elementor-element elementor-element-894c9ed e-con-full e-flex e-con e-child\" data-id=\"894c9ed\" data-element_type=\"container\" data-e-type=\"container\">\n\t\t\t\t<div class=\"elementor-element elementor-element-94a872d elementor-widget elementor-widget-heading\" data-id=\"94a872d\" data-element_type=\"widget\" data-e-type=\"widget\" data-widget_type=\"heading.default\">\n\t\t\t\t\t<h3 class=\"elementor-heading-title elementor-size-default\">Digital Commissioned Art<\/h3>\t\t\t\t<\/div>\n\t\t\t\t<div class=\"elementor-element elementor-element-80d76b3 elementor-widget elementor-widget-text-editor\" data-id=\"80d76b3\" data-element_type=\"widget\" data-e-type=\"widget\" data-widget_type=\"text-editor.default\">\n\t\t\t\t\t\t\t\t\t<p>We create completely customized digital works based on your ideas, references, or visual needs.<br \/>Commission types: artistic portraits, conceptual illustration, abstract art, album or book covers, social media art, or NFT pieces.<\/p>\t\t\t\t\t\t\t\t<\/div>\n\t\t\t\t<\/div>\n\t\t<div class=\"elementor-element elementor-element-7b1d98d e-con-full e-flex e-con e-child\" data-id=\"7b1d98d\" data-element_type=\"container\" data-e-type=\"container\">\n\t\t\t\t<div class=\"elementor-element elementor-element-f9eab80 elementor-widget elementor-widget-image\" data-id=\"f9eab80\" data-element_type=\"widget\" data-e-type=\"widget\" data-widget_type=\"image.default\">\n\t\t\t\t\t\t\t\t\t\t\t\t\t\t\t<img decoding=\"async\" width=\"800\" height=\"644\" src=\"https:\/\/luxartaesthetics.com\/wp-content\/uploads\/2025\/07\/imgi_78_photo-1606819717115-9159c900370b-1024x824.jpg\" class=\"attachment-large size-large wp-image-82\" alt=\"\" srcset=\"https:\/\/luxartaesthetics.com\/wp-content\/uploads\/2025\/07\/imgi_78_photo-1606819717115-9159c900370b-1024x824.jpg 1024w, https:\/\/luxartaesthetics.com\/wp-content\/uploads\/2025\/07\/imgi_78_photo-1606819717115-9159c900370b-300x241.jpg 300w, https:\/\/luxartaesthetics.com\/wp-content\/uploads\/2025\/07\/imgi_78_photo-1606819717115-9159c900370b-768x618.jpg 768w, https:\/\/luxartaesthetics.com\/wp-content\/uploads\/2025\/07\/imgi_78_photo-1606819717115-9159c900370b-600x483.jpg 600w, https:\/\/luxartaesthetics.com\/wp-content\/uploads\/2025\/07\/imgi_78_photo-1606819717115-9159c900370b.jpg 1080w\" sizes=\"(max-width: 800px) 100vw, 800px\" \/>\t\t\t\t\t\t\t\t\t\t\t\t\t\t\t<\/div>\n\t\t\t\t<\/div>\n\t\t<div class=\"elementor-element elementor-element-bc162c7 e-con-full e-flex e-con e-child\" data-id=\"bc162c7\" data-element_type=\"container\" data-e-type=\"container\">\n\t\t\t\t<div class=\"elementor-element elementor-element-313c62e elementor-widget elementor-widget-heading\" data-id=\"313c62e\" data-element_type=\"widget\" data-e-type=\"widget\" data-widget_type=\"heading.default\">\n\t\t\t\t\t<h3 class=\"elementor-heading-title elementor-size-default\">Art Direction for Digital Projects<\/h3>\t\t\t\t<\/div>\n\t\t\t\t<div class=\"elementor-element elementor-element-d5db9eb elementor-widget elementor-widget-text-editor\" data-id=\"d5db9eb\" data-element_type=\"widget\" data-e-type=\"widget\" data-widget_type=\"text-editor.default\">\n\t\t\t\t\t\t\t\t\t<p class=\"body\" dir=\"auto\">Creative consulting for brands, artists, and personal projects seeking a strong visual identity and aesthetic.<br \/>Applications: artistic branding, social media presence, visual campaigns, or platform design.<br \/>Includes:<\/p><ul dir=\"auto\"><li><p class=\"body\" dir=\"auto\">Custom Moodboard<\/p><\/li><li><p class=\"body\" dir=\"auto\">Color palette and visual style<\/p><\/li><li><p class=\"body\" dir=\"auto\">Proposal for visual pieces (illustrations, compositions, typography)<\/p><\/li><\/ul>\t\t\t\t\t\t\t\t<\/div>\n\t\t\t\t<\/div>\n\t\t\t\t\t<\/div>\n\t\t\t\t<\/div>\n\t\t<div class=\"elementor-element elementor-element-a426f88 e-flex e-con-boxed e-con e-parent\" data-id=\"a426f88\" data-element_type=\"container\" data-e-type=\"container\">\n\t\t\t\t\t<div class=\"e-con-inner\">\n\t\t\t\t<div class=\"elementor-element elementor-element-a2e63cc elementor-widget elementor-widget-heading\" data-id=\"a2e63cc\" data-element_type=\"widget\" data-e-type=\"widget\" data-widget_type=\"heading.default\">\n\t\t\t\t\t<h2 class=\"elementor-heading-title elementor-size-default\">DIGITAL GOODS:<\/h2>\t\t\t\t<\/div>\n\t\t\t\t<div class=\"elementor-element elementor-element-a6423f3 elementor-widget elementor-widget-heading\" data-id=\"a6423f3\" data-element_type=\"widget\" data-e-type=\"widget\" data-widget_type=\"heading.default\">\n\t\t\t\t\t<h3 class=\"elementor-heading-title elementor-size-default\">Original Digital Works<\/h3>\t\t\t\t<\/div>\n\t\t\t\t<div class=\"elementor-element elementor-element-c6056df elementor-widget elementor-widget-text-editor\" data-id=\"c6056df\" data-element_type=\"widget\" data-e-type=\"widget\" data-widget_type=\"text-editor.default\">\n\t\t\t\t\t\t\t\t\t<p class=\"body translation-block\" dir=\"auto\">Unique creations made in high-resolution digital format.<br>Varied styles: abstract art, minimalism, digital portrait, contemporary collage, surrealism and more.<br>Deliverable formats: JPG, PNG, PDF or TIFF, ready for printing or digital use.<br>Each work includes a digital certificate of authenticity.<\/p>\t\t\t\t\t\t\t\t<\/div>\n\t\t\t\t<div class=\"elementor-element elementor-element-27f2ffa elementor-widget elementor-widget-heading\" data-id=\"27f2ffa\" data-element_type=\"widget\" data-e-type=\"widget\" data-widget_type=\"heading.default\">\n\t\t\t\t\t<h3 class=\"elementor-heading-title elementor-size-default\">Custom Illustrations<\/h3>\t\t\t\t<\/div>\n\t\t\t\t<div class=\"elementor-element elementor-element-4f39eaa elementor-widget elementor-widget-text-editor\" data-id=\"4f39eaa\" data-element_type=\"widget\" data-e-type=\"widget\" data-widget_type=\"text-editor.default\">\n\t\t\t\t\t\t\t\t\t<p class=\"body translation-block\" dir=\"auto\">Custom digital designs for personal or professional projects.<br>Common applications: book covers, artistic branding, illustrated gifts, digital profiles, NFT art.<br>Collaborative process: preliminary sketch, revisions, final delivery.<\/p>\t\t\t\t\t\t\t\t<\/div>\n\t\t\t\t<div class=\"elementor-element elementor-element-300f3f6 elementor-widget elementor-widget-heading\" data-id=\"300f3f6\" data-element_type=\"widget\" data-e-type=\"widget\" data-widget_type=\"heading.default\">\n\t\t\t\t\t<h3 class=\"elementor-heading-title elementor-size-default\">Fine Art Photography and Editing<\/h3>\t\t\t\t<\/div>\n\t\t\t\t<div class=\"elementor-element elementor-element-743a9d9 elementor-widget elementor-widget-text-editor\" data-id=\"743a9d9\" data-element_type=\"widget\" data-e-type=\"widget\" data-widget_type=\"text-editor.default\">\n\t\t\t\t\t\t\t\t\t<p class=\"body translation-block\" dir=\"auto\">Digitally altered artistic photographs with a pictorial or conceptual style.<br>Limited editions with digital signature and metadata of authenticity.<br>High-quality files for fine art printing or editorial use.<\/p>\t\t\t\t\t\t\t\t<\/div>\n\t\t\t\t<div class=\"elementor-element elementor-element-be69bf4 elementor-widget elementor-widget-heading\" data-id=\"be69bf4\" data-element_type=\"widget\" data-e-type=\"widget\" data-widget_type=\"heading.default\">\n\t\t\t\t\t<h3 class=\"elementor-heading-title elementor-size-default\">Art Prints and Downloads<\/h3>\t\t\t\t<\/div>\n\t\t\t\t<div class=\"elementor-element elementor-element-9402b7c elementor-widget elementor-widget-text-editor\" data-id=\"9402b7c\" data-element_type=\"widget\" data-e-type=\"widget\" data-widget_type=\"text-editor.default\">\n\t\t\t\t\t\t\t\t\t<p class=\"body translation-block\" dir=\"auto\">Exclusive designs available for immediate download.<br>Ideal for decoration, wallpapers, home printing or digital creatives.<br>Formats optimized for professional printing (300DPI).<\/p>\t\t\t\t\t\t\t\t<\/div>\n\t\t\t\t\t<\/div>\n\t\t\t\t<\/div>\n\t\t<div class=\"elementor-element elementor-element-432e695 e-flex e-con-boxed e-con e-parent\" data-id=\"432e695\" data-element_type=\"container\" data-e-type=\"container\">\n\t\t\t\t\t<div class=\"e-con-inner\">\n\t\t\t\t<div class=\"elementor-element elementor-element-1d5d750 elementor-widget elementor-widget-heading\" data-id=\"1d5d750\" data-element_type=\"widget\" data-e-type=\"widget\" data-widget_type=\"heading.default\">\n\t\t\t\t\t<h2 class=\"elementor-heading-title elementor-size-default\">DIGITAL SERVICES<\/h2>\t\t\t\t<\/div>\n\t\t\t\t<div class=\"elementor-element elementor-element-d826d87 elementor-widget elementor-widget-heading\" data-id=\"d826d87\" data-element_type=\"widget\" data-e-type=\"widget\" data-widget_type=\"heading.default\">\n\t\t\t\t\t<h3 class=\"elementor-heading-title elementor-size-default\">Art on Commission<\/h3>\t\t\t\t<\/div>\n\t\t\t\t<div class=\"elementor-element elementor-element-38203e1 elementor-widget elementor-widget-text-editor\" data-id=\"38203e1\" data-element_type=\"widget\" data-e-type=\"widget\" data-widget_type=\"text-editor.default\">\n\t\t\t\t\t\t\t\t\t<p class=\"body translation-block\" dir=\"auto\">We create digital works from scratch based on your ideas, concepts, or references.<br>Includes sketching, corrections, a custom palette, and delivery in customizable formats.<br>Designed for individuals, brands, or projects with a defined aesthetic vision.<\/p>\t\t\t\t\t\t\t\t<\/div>\n\t\t\t\t<div class=\"elementor-element elementor-element-531b2f4 elementor-widget elementor-widget-heading\" data-id=\"531b2f4\" data-element_type=\"widget\" data-e-type=\"widget\" data-widget_type=\"heading.default\">\n\t\t\t\t\t<h3 class=\"elementor-heading-title elementor-size-default\">Aesthetic and Visual Consulting<\/h3>\t\t\t\t<\/div>\n\t\t\t\t<div class=\"elementor-element elementor-element-dd84239 elementor-widget elementor-widget-text-editor\" data-id=\"dd84239\" data-element_type=\"widget\" data-e-type=\"widget\" data-widget_type=\"text-editor.default\">\n\t\t\t\t\t\t\t\t\t<p class=\"body translation-block\" dir=\"auto\">Professional consulting on artistic visual identity for creative projects, brands or digital spaces.<br>We help you build an aesthetic narrative with custom digital pieces, combining art, color psychology and visual composition.<br>Delivery includes mood board, artwork suggestions and graphic proposal.<\/p>\t\t\t\t\t\t\t\t<\/div>\n\t\t\t\t<div class=\"elementor-element elementor-element-78f0249 elementor-widget elementor-widget-heading\" data-id=\"78f0249\" data-element_type=\"widget\" data-e-type=\"widget\" data-widget_type=\"heading.default\">\n\t\t\t\t\t<h3 class=\"elementor-heading-title elementor-size-default\">Commercial Use Licenses<\/h3>\t\t\t\t<\/div>\n\t\t\t\t<div class=\"elementor-element elementor-element-4b595f9 elementor-widget elementor-widget-text-editor\" data-id=\"4b595f9\" data-element_type=\"widget\" data-e-type=\"widget\" data-widget_type=\"text-editor.default\">\n\t\t\t\t\t\t\t\t\t<p class=\"body translation-block\" dir=\"auto\">We offer licenses for the use of our digital works in campaigns, products, media, and platforms.<br>License types: personal, limited commercial, or full rights.<br>Includes digital contract, authorship metadata, and certificate of authorized use.<\/p>\t\t\t\t\t\t\t\t<\/div>\n\t\t\t\t\t<\/div>\n\t\t\t\t<\/div>\n\t\t<div class=\"elementor-element elementor-element-f165cc8 e-flex e-con-boxed e-con e-parent\" data-id=\"f165cc8\" data-element_type=\"container\" data-e-type=\"container\">\n\t\t\t\t\t<div class=\"e-con-inner\">\n\t\t\t\t<div class=\"elementor-element elementor-element-d2fce33 elementor-widget elementor-widget-heading\" data-id=\"d2fce33\" data-element_type=\"widget\" data-e-type=\"widget\" data-widget_type=\"heading.default\">\n\t\t\t\t\t<h2 class=\"elementor-heading-title elementor-size-default\">Who can benefit?<\/h2>\t\t\t\t<\/div>\n\t\t\t\t<div class=\"elementor-element elementor-element-1dcb1cd elementor-widget__width-initial elementor-widget elementor-widget-text-editor\" data-id=\"1dcb1cd\" data-element_type=\"widget\" data-e-type=\"widget\" data-widget_type=\"text-editor.default\">\n\t\t\t\t\t\t\t\t\t<ul dir=\"auto\"><li><p class=\"body\" dir=\"auto\">Content creators<\/p><\/li><li><p class=\"body\" dir=\"auto\">Emerging brands and design studios<\/p><\/li><li><p class=\"body\" dir=\"auto\">Publishers, musicians and podcasters<\/p><\/li><li><p class=\"body\" dir=\"auto\">People who want original art for their digital space<\/p><\/li><li><p class=\"body\" dir=\"auto\">NFT and web3 projects<\/p><\/li><\/ul>\t\t\t\t\t\t\t\t<\/div>\n\t\t\t\t<div class=\"elementor-element elementor-element-01e8192 elementor-widget elementor-widget-image\" data-id=\"01e8192\" data-element_type=\"widget\" data-e-type=\"widget\" data-widget_type=\"image.default\">\n\t\t\t\t\t\t\t\t\t\t\t\t\t\t\t<img decoding=\"async\" width=\"800\" height=\"234\" src=\"https:\/\/luxartaesthetics.com\/wp-content\/uploads\/2025\/07\/imgi_14_photo-1456086272160-b28b0645b729-1024x300.jpg\" class=\"attachment-large size-large wp-image-104\" alt=\"\" srcset=\"https:\/\/luxartaesthetics.com\/wp-content\/uploads\/2025\/07\/imgi_14_photo-1456086272160-b28b0645b729-1024x300.jpg 1024w, https:\/\/luxartaesthetics.com\/wp-content\/uploads\/2025\/07\/imgi_14_photo-1456086272160-b28b0645b729-300x88.jpg 300w, https:\/\/luxartaesthetics.com\/wp-content\/uploads\/2025\/07\/imgi_14_photo-1456086272160-b28b0645b729-768x225.jpg 768w, https:\/\/luxartaesthetics.com\/wp-content\/uploads\/2025\/07\/imgi_14_photo-1456086272160-b28b0645b729-1536x449.jpg 1536w, https:\/\/luxartaesthetics.com\/wp-content\/uploads\/2025\/07\/imgi_14_photo-1456086272160-b28b0645b729-2048x599.jpg 2048w, https:\/\/luxartaesthetics.com\/wp-content\/uploads\/2025\/07\/imgi_14_photo-1456086272160-b28b0645b729-600x175.jpg 600w\" sizes=\"(max-width: 800px) 100vw, 800px\" \/>\t\t\t\t\t\t\t\t\t\t\t\t\t\t\t<\/div>\n\t\t\t\t\t<\/div>\n\t\t\t\t<\/div>\n\t\t\t\t<\/div>","protected":false},"excerpt":{"rendered":"<p>BIENES Y SERVICIOS El arte como experiencia: descubre nuestras obras, productos y servicios personalizados. SERVICIOS Arte por Encargo Digital Creamos obras digitales completamente personalizadas a partir de tus ideas, referencias o necesidades visuales.Tipos de encargo: retratos art\u00edsticos, ilustraci\u00f3n conceptual, arte abstracto, portadas de \u00e1lbum o libro, arte para redes sociales o piezas NFT. Direcci\u00f3n de [&hellip;]<\/p>","protected":false},"author":1,"featured_media":0,"parent":0,"menu_order":0,"comment_status":"closed","ping_status":"closed","template":"","meta":{"footnotes":""},"class_list":["post-101","page","type-page","status-publish","hentry"],"_links":{"self":[{"href":"https:\/\/luxartaesthetics.com\/en\/wp-json\/wp\/v2\/pages\/101","targetHints":{"allow":["GET"]}}],"collection":[{"href":"https:\/\/luxartaesthetics.com\/en\/wp-json\/wp\/v2\/pages"}],"about":[{"href":"https:\/\/luxartaesthetics.com\/en\/wp-json\/wp\/v2\/types\/page"}],"author":[{"embeddable":true,"href":"https:\/\/luxartaesthetics.com\/en\/wp-json\/wp\/v2\/users\/1"}],"replies":[{"embeddable":true,"href":"https:\/\/luxartaesthetics.com\/en\/wp-json\/wp\/v2\/comments?post=101"}],"version-history":[{"count":0,"href":"https:\/\/luxartaesthetics.com\/en\/wp-json\/wp\/v2\/pages\/101\/revisions"}],"wp:attachment":[{"href":"https:\/\/luxartaesthetics.com\/en\/wp-json\/wp\/v2\/media?parent=101"}],"curies":[{"name":"wp","href":"https:\/\/api.w.org\/{rel}","templated":true}]}}