{"id":113,"date":"2025-07-17T01:57:13","date_gmt":"2025-07-17T01:57:13","guid":{"rendered":"https:\/\/darkgreen-mallard-222988.hostingersite.com\/?page_id=113"},"modified":"2025-07-17T01:57:57","modified_gmt":"2025-07-17T01:57:57","slug":"terminos-y-condiciones","status":"publish","type":"page","link":"https:\/\/luxartaesthetics.com\/en\/terminos-y-condiciones\/","title":{"rendered":"Terms and Conditions"},"content":{"rendered":"<div data-elementor-type=\"wp-page\" data-elementor-id=\"113\" class=\"elementor elementor-113\" data-elementor-post-type=\"page\">\n\t\t\t\t<div class=\"elementor-element elementor-element-7c02651 e-flex e-con-boxed e-con e-parent\" data-id=\"7c02651\" data-element_type=\"container\" data-e-type=\"container\">\n\t\t\t\t\t<div class=\"e-con-inner\">\n\t\t\t\t<div class=\"elementor-element elementor-element-8a4ea36 elementor-widget elementor-widget-text-editor\" data-id=\"8a4ea36\" data-element_type=\"widget\" data-e-type=\"widget\" data-widget_type=\"text-editor.default\">\n\t\t\t\t\t\t\t\t\t<h3 dir=\"auto\"><strong>Terms and Conditions<\/strong><\/h3><p class=\"body\" dir=\"auto\">Welcome to LuxArt Aesthetics!<\/p><p class=\"body\" dir=\"auto\">Estos t\u00e9rminos y condiciones describen las reglas y regulaciones para el uso del sitio web de LuxArt Aesthetics, ubicado en <a href=\"https:\/\/luxartaesthetics.com\/en\/\">https:\/\/luxartaesthetics.com<\/a>.<\/p><p class=\"body\" dir=\"auto\">By accessing this website, we assume you accept these terms and conditions. Do not continue using LuxArt Aesthetics if you do not agree to all of the terms and conditions stated on this page.<\/p><p class=\"body\" dir=\"auto\"><strong>Cookies:<\/strong><\/p><p class=\"body\" dir=\"auto\">This website uses cookies to help personalize your online experience. By accessing LuxArt Aesthetics, you agree to the use of necessary cookies.<\/p><p class=\"body\" dir=\"auto\">A cookie is a text file that a web server places on your hard drive. Cookies cannot be used to run programs or deliver viruses to your computer. Cookies are uniquely assigned to you and can only be read by a web server in the domain that issued the cookie.<\/p><p class=\"body\" dir=\"auto\">We may use cookies to collect, store, and track information for statistical or marketing purposes to operate our website. You have the option to accept or decline optional cookies. Some cookies are necessary for the operation of our website and do not require your consent. Please note that by accepting necessary cookies, you also accept third-party cookies, which may be used through services provided by third parties on our website, such as a video viewing window provided by third parties and integrated into our website.<\/p><p class=\"body\" dir=\"auto\"><strong>License:<\/strong><\/p><p class=\"body\" dir=\"auto\">Unless otherwise stated, LuxArt Aesthetics and\/or its licensors own the intellectual property rights for all material on LuxArt Aesthetics. All intellectual property rights are reserved. You may access this material from LuxArt Aesthetics for your personal use, subject to the restrictions set out in these terms and conditions.<\/p><p class=\"body\" dir=\"auto\">You must not:<\/p><p class=\"body\" dir=\"auto\">\u2013 Copy or republish material from LuxArt Aesthetics<\/p><p class=\"body\" dir=\"auto\">\u2013 Sell, rent or sublicense LuxArt Aesthetics material<\/p><p class=\"body\" dir=\"auto\">\u2013 Reproduce, duplicate or copy material from LuxArt Aesthetics<\/p><p class=\"body\" dir=\"auto\">\u2013 Redistribute content from LuxArt Aesthetics<\/p><p class=\"body\" dir=\"auto\">This Agreement shall commence on the date of this posting.<\/p><p class=\"body\" dir=\"auto\">Parts of this website offer users the opportunity to post and exchange opinions and information in certain areas of the site. LuxArt Aesthetics does not filter, edit, publish or review Comments prior to their appearance on the website. Comments do not reflect the views and opinions of LuxArt Aesthetics, its agents and\/or affiliates. Comments reflect the views and opinions of the person posting them. To the extent permitted by applicable laws, LuxArt Aesthetics shall not be liable for the Comments or for any liability, damages or expenses caused and\/or suffered as a result of any use of and\/or posting of and\/or appearance of the Comments on this website.<\/p><p class=\"body\" dir=\"auto\">LuxArt Aesthetics reserves the right to monitor all Comments and to remove any Comments which can be considered inappropriate, offensive or causes breach of these Terms and Conditions.<\/p><p class=\"body\" dir=\"auto\">You warrant and represent that:<\/p><p class=\"body\" dir=\"auto\">\u2013 You have the right to post the Comments on our website and have all necessary licenses and consents to do so;<\/p><p class=\"body\" dir=\"auto\">\u2013 The Comments do not infringe any intellectual property right, including but not limited to copyright, patent or trademark of any third party;<\/p><p class=\"body\" dir=\"auto\">\u2013 The Comments do not contain any defamatory, libelous, offensive, indecent or otherwise unlawful material that is an invasion of privacy.<\/p><p class=\"body\" dir=\"auto\">\u2013 Comments will not be used to solicit or promote business or custom, or to present commercial activities or unlawful activities.<\/p><p class=\"body\" dir=\"auto\">You hereby grant LuxArt Aesthetics a non-exclusive license to use, reproduce, edit and authorize others to use, reproduce and edit any of your Comments in any and all forms, formats or media.<\/p><p class=\"body\" dir=\"auto\"><strong>Hyperlinks to our Content:<\/strong><\/p><p class=\"body\" dir=\"auto\">The following organizations may link to our website without prior written approval:<\/p><p class=\"body\" dir=\"auto\">\u2013 Government agencies;<\/p><p class=\"body\" dir=\"auto\">\u2013 Search engines;<\/p><p class=\"body\" dir=\"auto\">\u2013 News organizations;<\/p><p class=\"body\" dir=\"auto\">\u2013 Online directory distributors may link to our website in the same manner as they link to the websites of other listed businesses; and<\/p><p class=\"body\" dir=\"auto\">\u2013 Systemwide Accredited Businesses except non-profit organizations, charity shopping malls, and charity fundraising groups which may not hyperlink to our website.<\/p><p class=\"body\" dir=\"auto\">These organizations may link to our home page, to publications or to other Website information so long as the link: (a) is not in any way deceptive; (b) does not falsely imply sponsorship, endorsement, or approval of the linking party and its products or services; and (c) fits within the context of the linking party's site.<\/p><p class=\"body\" dir=\"auto\">We may consider and approve other link requests from the following types of organizations:<\/p><p class=\"body\" dir=\"auto\">\u2013 Commonly known sources of information for consumers and\/or businesses;<\/p><p class=\"body translation-block\" dir=\"auto\">\u2013 Community sites <a href=\"http:\/\/dot.com\/\" target=\"_self\">dot.com<\/a>;<\/p><p class=\"body\" dir=\"auto\">\u2013 Associations or other groups representing charitable organizations;<\/p><p class=\"body\" dir=\"auto\">\u2013 Online directory distributors;<\/p><p class=\"body\" dir=\"auto\">\u2013 Internet portals;<\/p><p class=\"body\" dir=\"auto\">\u2013 Accounting, legal, and consulting firms; and<\/p><p class=\"body\" dir=\"auto\">\u2013 Educational institutions and trade associations.<\/p><p class=\"body\" dir=\"auto\">We will approve link requests from these organizations if we decide that: (a) the link would not make us look unfavorably to ourselves or our accredited businesses; (b) the organization does not have any negative records with us; (c) the benefit to us from the hyperlink's visibility outweighs the absence of LuxArt Aesthetics; and (d) the link is in the context of general resource information.<\/p><p class=\"body\" dir=\"auto\">These organizations may link to our home page so long as the link: (a) is not in any way deceptive; (b) does not falsely imply sponsorship, endorsement, or approval of the linking party and its products or services; and (c) fits within the context of the linking party's site.<\/p><p class=\"body\" dir=\"auto\">If you are one of the organizations listed in paragraph 2 above and are interested in linking to our website, you must inform us by sending an email to LuxArt Aesthetics. Include your name, your organization name, contact information, as well as the URL of your site, a list of any URLs from which you intend to link to our website, and a list of the URLs on our site to which you would like to link. Please allow 2 to 3 weeks for a response.<\/p><p class=\"body\" dir=\"auto\">Approved organizations may hyperlink to our website as follows:<\/p><p class=\"body\" dir=\"auto\">\u2013 By using our corporate name; or<\/p><p class=\"body\" dir=\"auto\">\u2013 By using the uniform resource address being linked; or<\/p><p class=\"body\" dir=\"auto\">\u2013 Using any other description of our website that makes sense within the context and format of content on the linking party\u2019s site.<\/p><p class=\"body\" dir=\"auto\">Use of the LuxArt Aesthetics logo or other artwork will not be permitted for linking without a trademark license agreement.<\/p><p class=\"body\" dir=\"auto\"><strong>Content Responsibility:<\/strong><\/p><p class=\"body\" dir=\"auto\">We will not be liable for any content appearing on your website. You agree to protect and defend us against all claims brought against your website. No link(s) may appear on any website that may be interpreted as libelous, obscene, or criminal, or which infringes, otherwise violates, or advocates the infringement or other violation of, any third party rights.<\/p><p class=\"body\" dir=\"auto\"><strong>Reservation of Rights:<\/strong><\/p><p class=\"body\" dir=\"auto\">We reserve the right to request that you remove all links or any particular link to our website. You agree to immediately remove all links to our website upon request. We also reserve the right to modify these terms and conditions and its linking policy at any time. By continuing to link to our website, you agree to be bound to and abide by these linking terms and conditions.<\/p><p class=\"body\" dir=\"auto\"><strong>Removing links from our website:<\/strong><\/p><p class=\"body\" dir=\"auto\">If you find any link on our website offensive for any reason, you are free to contact us and inform us at any time. We will consider requests to remove links, but we are under no obligation to do so or to respond directly to you.<\/p><p class=\"body\" dir=\"auto\">We do not guarantee that the information on this website is correct. We do not warrant its completeness or accuracy, nor do we promise to ensure that the website remains available or that the material on the website is kept up-to-date.<\/p><p class=\"body\" dir=\"auto\"><strong>Disclaimer:<\/strong><\/p><p class=\"body\" dir=\"auto\">To the maximum extent permitted by applicable law, we exclude all representations, warranties, and conditions relating to our website and the use of this website. Nothing in this disclaimer:<\/p><p class=\"body\" dir=\"auto\">\u2013 Limit or exclude our or your liability for death or personal injury;<\/p><p class=\"body\" dir=\"auto\">\u2013 Limit or exclude our or your liability for fraud or fraudulent misrepresentation;<\/p><p class=\"body\" dir=\"auto\">\u2013 Limit any of our or your liabilities in any way that is not permitted under applicable law; or<\/p><p class=\"body\" dir=\"auto\">\u2013 It will exclude any of our or your liabilities that cannot be excluded under applicable law.<\/p><p class=\"body\" dir=\"auto\">The limitations and prohibitions of liability set out in this Section and elsewhere in this disclaimer: (a) are subject to the preceding paragraph; and (b) govern all liabilities arising under the disclaimer, including liabilities arising in contract, in tort and for breach of statutory duty.<\/p><p class=\"body\" dir=\"auto\">While the website and the information and services on the website are provided on a<\/p>\t\t\t\t\t\t\t\t<\/div>\n\t\t\t\t\t<\/div>\n\t\t\t\t<\/div>\n\t\t\t\t<\/div>","protected":false},"excerpt":{"rendered":"<p>T\u00e9rminos y Condiciones \u00a1Bienvenido a LuxArt Aesthetics! Estos t\u00e9rminos y condiciones describen las reglas y regulaciones para el uso del sitio web de LuxArt Aesthetics, ubicado en https:\/\/luxartaesthetics.com. Al acceder a este sitio web, asumimos que aceptas estos t\u00e9rminos y condiciones. No contin\u00faes usando LuxArt Aesthetics si no est\u00e1s de acuerdo con todos los t\u00e9rminos [&hellip;]<\/p>","protected":false},"author":1,"featured_media":0,"parent":0,"menu_order":0,"comment_status":"closed","ping_status":"closed","template":"","meta":{"footnotes":""},"class_list":["post-113","page","type-page","status-publish","hentry"],"_links":{"self":[{"href":"https:\/\/luxartaesthetics.com\/en\/wp-json\/wp\/v2\/pages\/113","targetHints":{"allow":["GET"]}}],"collection":[{"href":"https:\/\/luxartaesthetics.com\/en\/wp-json\/wp\/v2\/pages"}],"about":[{"href":"https:\/\/luxartaesthetics.com\/en\/wp-json\/wp\/v2\/types\/page"}],"author":[{"embeddable":true,"href":"https:\/\/luxartaesthetics.com\/en\/wp-json\/wp\/v2\/users\/1"}],"replies":[{"embeddable":true,"href":"https:\/\/luxartaesthetics.com\/en\/wp-json\/wp\/v2\/comments?post=113"}],"version-history":[{"count":0,"href":"https:\/\/luxartaesthetics.com\/en\/wp-json\/wp\/v2\/pages\/113\/revisions"}],"wp:attachment":[{"href":"https:\/\/luxartaesthetics.com\/en\/wp-json\/wp\/v2\/media?parent=113"}],"curies":[{"name":"wp","href":"https:\/\/api.w.org\/{rel}","templated":true}]}}