{"id":305,"date":"2025-12-24T05:23:52","date_gmt":"2025-12-24T05:23:52","guid":{"rendered":"https:\/\/luxartaesthetics.com\/?page_id=305"},"modified":"2025-12-24T05:24:28","modified_gmt":"2025-12-24T05:24:28","slug":"politicas-de-seguridad","status":"publish","type":"page","link":"https:\/\/luxartaesthetics.com\/en\/politicas-de-seguridad\/","title":{"rendered":"Pol\u00edticas de Seguridad"},"content":{"rendered":"<div data-elementor-type=\"wp-page\" data-elementor-id=\"305\" class=\"elementor elementor-305\" data-elementor-post-type=\"page\">\n\t\t\t\t<div class=\"elementor-element elementor-element-4164ea4 e-flex e-con-boxed e-con e-parent\" data-id=\"4164ea4\" data-element_type=\"container\" data-e-type=\"container\">\n\t\t\t\t\t<div class=\"e-con-inner\">\n\t\t\t\t<div class=\"elementor-element elementor-element-5f44dae elementor-widget elementor-widget-text-editor\" data-id=\"5f44dae\" data-element_type=\"widget\" data-e-type=\"widget\" data-widget_type=\"text-editor.default\">\n\t\t\t\t\t\t\t\t\t<p data-start=\"117\" data-end=\"593\"><strong data-start=\"117\" data-end=\"128\">WEBSITE<\/strong><br data-start=\"128\" data-end=\"131\" \/>Tomamos todas las medidas y precauciones razonables para proteger tu informaci\u00f3n personal y seguimos las mejores pr\u00e1cticas de la industria para asegurar que tu informaci\u00f3n no sea utilizada de manera inapropiada, alterada o destruida.<br data-start=\"364\" data-end=\"367\" \/>Ciframos la informaci\u00f3n de tu tarjeta de cr\u00e9dito utilizando la tecnolog\u00eda de capa de puertos seguros o Secur Sockets Layer (SSL), y la almacenamos con el cifrado AES-256. Tambi\u00e9n, seguimos todos los requerimientos del PCI-DSS.<\/p><p data-start=\"595\" data-end=\"1026\"><strong data-start=\"595\" data-end=\"604\">PAGOS<\/strong><br data-start=\"604\" data-end=\"607\" \/>Los m\u00e9todos de pago utilizados por LA EMPRESA son servicios de terceros. Estos servicios de terceros (AZUL), cumplen con todos los est\u00e1ndares de seguridad y cifrado para mantener tu informaci\u00f3n segura. Solo utilizar\u00e1n la informaci\u00f3n necesaria para completar el proceso requerido.<br data-start=\"886\" data-end=\"889\" \/>Tambi\u00e9n recomendamos leer las Pol\u00edticas de Privacidad de estos proveedores, para entender mejor c\u00f3mo manejan la informaci\u00f3n suministrada.<\/p>\t\t\t\t\t\t\t\t<\/div>\n\t\t\t\t\t<\/div>\n\t\t\t\t<\/div>\n\t\t\t\t<\/div>","protected":false},"excerpt":{"rendered":"<p>WEBSITETomamos todas las medidas y precauciones razonables para proteger tu informaci\u00f3n personal y seguimos las mejores pr\u00e1cticas de la industria para asegurar que tu informaci\u00f3n no sea utilizada de manera inapropiada, alterada o destruida.Ciframos la informaci\u00f3n de tu tarjeta de cr\u00e9dito utilizando la tecnolog\u00eda de capa de puertos seguros o Secur Sockets Layer (SSL), y [&hellip;]<\/p>","protected":false},"author":1,"featured_media":0,"parent":0,"menu_order":0,"comment_status":"closed","ping_status":"closed","template":"","meta":{"footnotes":""},"class_list":["post-305","page","type-page","status-publish","hentry"],"_links":{"self":[{"href":"https:\/\/luxartaesthetics.com\/en\/wp-json\/wp\/v2\/pages\/305","targetHints":{"allow":["GET"]}}],"collection":[{"href":"https:\/\/luxartaesthetics.com\/en\/wp-json\/wp\/v2\/pages"}],"about":[{"href":"https:\/\/luxartaesthetics.com\/en\/wp-json\/wp\/v2\/types\/page"}],"author":[{"embeddable":true,"href":"https:\/\/luxartaesthetics.com\/en\/wp-json\/wp\/v2\/users\/1"}],"replies":[{"embeddable":true,"href":"https:\/\/luxartaesthetics.com\/en\/wp-json\/wp\/v2\/comments?post=305"}],"version-history":[{"count":4,"href":"https:\/\/luxartaesthetics.com\/en\/wp-json\/wp\/v2\/pages\/305\/revisions"}],"predecessor-version":[{"id":309,"href":"https:\/\/luxartaesthetics.com\/en\/wp-json\/wp\/v2\/pages\/305\/revisions\/309"}],"wp:attachment":[{"href":"https:\/\/luxartaesthetics.com\/en\/wp-json\/wp\/v2\/media?parent=305"}],"curies":[{"name":"wp","href":"https:\/\/api.w.org\/{rel}","templated":true}]}}