{"id":74,"date":"2025-07-17T01:22:35","date_gmt":"2025-07-17T01:22:35","guid":{"rendered":"https:\/\/darkgreen-mallard-222988.hostingersite.com\/?page_id=74"},"modified":"2025-07-17T01:35:42","modified_gmt":"2025-07-17T01:35:42","slug":"galeria","status":"publish","type":"page","link":"https:\/\/luxartaesthetics.com\/en\/galeria\/","title":{"rendered":"Gallery"},"content":{"rendered":"<div data-elementor-type=\"wp-page\" data-elementor-id=\"74\" class=\"elementor elementor-74\" data-elementor-post-type=\"page\">\n\t\t\t\t<div class=\"elementor-element elementor-element-d7babf6 e-flex e-con-boxed e-con e-parent\" data-id=\"d7babf6\" data-element_type=\"container\" data-e-type=\"container\">\n\t\t\t\t\t<div class=\"e-con-inner\">\n\t\t<div class=\"elementor-element elementor-element-5f7ec7b e-con-full e-flex e-con e-child\" data-id=\"5f7ec7b\" data-element_type=\"container\" data-e-type=\"container\">\n\t\t\t\t<div class=\"elementor-element elementor-element-80d5c3c elementor-widget elementor-widget-heading\" data-id=\"80d5c3c\" data-element_type=\"widget\" data-e-type=\"widget\" data-widget_type=\"heading.default\">\n\t\t\t\t\t<h2 class=\"elementor-heading-title elementor-size-default\">Art gallery<\/h2>\t\t\t\t<\/div>\n\t\t\t\t<div class=\"elementor-element elementor-element-03bee35 elementor-widget elementor-widget-text-editor\" data-id=\"03bee35\" data-element_type=\"widget\" data-e-type=\"widget\" data-widget_type=\"text-editor.default\">\n\t\t\t\t\t\t\t\t\t<p>Discover unique works in our online art gallery.<\/p>\t\t\t\t\t\t\t\t<\/div>\n\t\t\t\t<\/div>\n\t\t<div class=\"elementor-element elementor-element-04d6bc3 e-con-full e-flex e-con e-child\" data-id=\"04d6bc3\" data-element_type=\"container\" data-e-type=\"container\">\n\t\t\t\t<div class=\"elementor-element elementor-element-d781c28 elementor-widget elementor-widget-image\" data-id=\"d781c28\" data-element_type=\"widget\" data-e-type=\"widget\" data-widget_type=\"image.default\">\n\t\t\t\t\t\t\t\t\t\t\t\t\t\t\t<img fetchpriority=\"high\" decoding=\"async\" width=\"800\" height=\"426\" src=\"https:\/\/luxartaesthetics.com\/wp-content\/uploads\/2025\/07\/imgi_18_photo-1541665234574-8e72eb7cd028-1024x545.jpg\" class=\"attachment-large size-large wp-image-76\" alt=\"\" srcset=\"https:\/\/luxartaesthetics.com\/wp-content\/uploads\/2025\/07\/imgi_18_photo-1541665234574-8e72eb7cd028-1024x545.jpg 1024w, https:\/\/luxartaesthetics.com\/wp-content\/uploads\/2025\/07\/imgi_18_photo-1541665234574-8e72eb7cd028-300x160.jpg 300w, https:\/\/luxartaesthetics.com\/wp-content\/uploads\/2025\/07\/imgi_18_photo-1541665234574-8e72eb7cd028-768x409.jpg 768w, https:\/\/luxartaesthetics.com\/wp-content\/uploads\/2025\/07\/imgi_18_photo-1541665234574-8e72eb7cd028-1536x817.jpg 1536w, https:\/\/luxartaesthetics.com\/wp-content\/uploads\/2025\/07\/imgi_18_photo-1541665234574-8e72eb7cd028-600x319.jpg 600w, https:\/\/luxartaesthetics.com\/wp-content\/uploads\/2025\/07\/imgi_18_photo-1541665234574-8e72eb7cd028.jpg 1624w\" sizes=\"(max-width: 800px) 100vw, 800px\" \/>\t\t\t\t\t\t\t\t\t\t\t\t\t\t\t<\/div>\n\t\t\t\t<\/div>\n\t\t<div class=\"elementor-element elementor-element-867dd0a e-con-full e-flex e-con e-child\" data-id=\"867dd0a\" data-element_type=\"container\" data-e-type=\"container\">\n\t\t\t\t<div class=\"elementor-element elementor-element-788ea5b elementor-widget elementor-widget-image\" data-id=\"788ea5b\" data-element_type=\"widget\" data-e-type=\"widget\" data-widget_type=\"image.default\">\n\t\t\t\t\t\t\t\t\t\t\t\t\t\t\t<img decoding=\"async\" width=\"800\" height=\"851\" src=\"https:\/\/luxartaesthetics.com\/wp-content\/uploads\/2025\/07\/imgi_47_photo-1525286978863-b3201d1894f0-963x1024.jpg\" class=\"attachment-large size-large wp-image-77\" alt=\"\" srcset=\"https:\/\/luxartaesthetics.com\/wp-content\/uploads\/2025\/07\/imgi_47_photo-1525286978863-b3201d1894f0-963x1024.jpg 963w, https:\/\/luxartaesthetics.com\/wp-content\/uploads\/2025\/07\/imgi_47_photo-1525286978863-b3201d1894f0-282x300.jpg 282w, https:\/\/luxartaesthetics.com\/wp-content\/uploads\/2025\/07\/imgi_47_photo-1525286978863-b3201d1894f0-768x816.jpg 768w, https:\/\/luxartaesthetics.com\/wp-content\/uploads\/2025\/07\/imgi_47_photo-1525286978863-b3201d1894f0-600x638.jpg 600w, https:\/\/luxartaesthetics.com\/wp-content\/uploads\/2025\/07\/imgi_47_photo-1525286978863-b3201d1894f0.jpg 1080w\" sizes=\"(max-width: 800px) 100vw, 800px\" \/>\t\t\t\t\t\t\t\t\t\t\t\t\t\t\t<\/div>\n\t\t\t\t<\/div>\n\t\t<div class=\"elementor-element elementor-element-b18c538 e-con-full e-flex e-con e-child\" data-id=\"b18c538\" data-element_type=\"container\" data-e-type=\"container\">\n\t\t\t\t<div class=\"elementor-element elementor-element-1f8f0c7 elementor-widget elementor-widget-image\" data-id=\"1f8f0c7\" data-element_type=\"widget\" data-e-type=\"widget\" data-widget_type=\"image.default\">\n\t\t\t\t\t\t\t\t\t\t\t\t\t\t\t<img decoding=\"async\" width=\"800\" height=\"851\" src=\"https:\/\/luxartaesthetics.com\/wp-content\/uploads\/2025\/07\/imgi_51_photo-1582555172866-f73bb12a2ab3-963x1024.jpg\" class=\"attachment-large size-large wp-image-78\" alt=\"\" srcset=\"https:\/\/luxartaesthetics.com\/wp-content\/uploads\/2025\/07\/imgi_51_photo-1582555172866-f73bb12a2ab3-963x1024.jpg 963w, https:\/\/luxartaesthetics.com\/wp-content\/uploads\/2025\/07\/imgi_51_photo-1582555172866-f73bb12a2ab3-282x300.jpg 282w, https:\/\/luxartaesthetics.com\/wp-content\/uploads\/2025\/07\/imgi_51_photo-1582555172866-f73bb12a2ab3-768x816.jpg 768w, https:\/\/luxartaesthetics.com\/wp-content\/uploads\/2025\/07\/imgi_51_photo-1582555172866-f73bb12a2ab3-600x638.jpg 600w, https:\/\/luxartaesthetics.com\/wp-content\/uploads\/2025\/07\/imgi_51_photo-1582555172866-f73bb12a2ab3.jpg 1080w\" sizes=\"(max-width: 800px) 100vw, 800px\" \/>\t\t\t\t\t\t\t\t\t\t\t\t\t\t\t<\/div>\n\t\t\t\t<\/div>\n\t\t<div class=\"elementor-element elementor-element-b690d2b e-con-full e-flex e-con e-child\" data-id=\"b690d2b\" data-element_type=\"container\" data-e-type=\"container\">\n\t\t\t\t<div class=\"elementor-element elementor-element-ac9af72 elementor-widget elementor-widget-image\" data-id=\"ac9af72\" data-element_type=\"widget\" data-e-type=\"widget\" data-widget_type=\"image.default\">\n\t\t\t\t\t\t\t\t\t\t\t\t\t\t\t<img loading=\"lazy\" decoding=\"async\" width=\"800\" height=\"426\" src=\"https:\/\/luxartaesthetics.com\/wp-content\/uploads\/2025\/07\/imgi_23_photo-1534268192-55179198905a-1024x545.jpg\" class=\"attachment-large size-large wp-image-79\" alt=\"\" srcset=\"https:\/\/luxartaesthetics.com\/wp-content\/uploads\/2025\/07\/imgi_23_photo-1534268192-55179198905a-1024x545.jpg 1024w, https:\/\/luxartaesthetics.com\/wp-content\/uploads\/2025\/07\/imgi_23_photo-1534268192-55179198905a-300x160.jpg 300w, https:\/\/luxartaesthetics.com\/wp-content\/uploads\/2025\/07\/imgi_23_photo-1534268192-55179198905a-768x409.jpg 768w, https:\/\/luxartaesthetics.com\/wp-content\/uploads\/2025\/07\/imgi_23_photo-1534268192-55179198905a-1536x817.jpg 1536w, https:\/\/luxartaesthetics.com\/wp-content\/uploads\/2025\/07\/imgi_23_photo-1534268192-55179198905a-600x319.jpg 600w, https:\/\/luxartaesthetics.com\/wp-content\/uploads\/2025\/07\/imgi_23_photo-1534268192-55179198905a.jpg 1624w\" sizes=\"(max-width: 800px) 100vw, 800px\" \/>\t\t\t\t\t\t\t\t\t\t\t\t\t\t\t<\/div>\n\t\t\t\t<\/div>\n\t\t\t\t\t<\/div>\n\t\t\t\t<\/div>\n\t\t<div class=\"elementor-element elementor-element-6491e52 e-flex e-con-boxed e-con e-parent\" data-id=\"6491e52\" data-element_type=\"container\" data-e-type=\"container\">\n\t\t\t\t\t<div class=\"e-con-inner\">\n\t\t<div class=\"elementor-element elementor-element-21d2494 e-con-full e-flex e-con e-child\" data-id=\"21d2494\" data-element_type=\"container\" data-e-type=\"container\">\n\t\t\t\t<div class=\"elementor-element elementor-element-2bb64a5 elementor-widget elementor-widget-heading\" data-id=\"2bb64a5\" data-element_type=\"widget\" data-e-type=\"widget\" data-widget_type=\"heading.default\">\n\t\t\t\t\t<h2 class=\"elementor-heading-title elementor-size-default\">Art gallery<\/h2>\t\t\t\t<\/div>\n\t\t\t\t<div class=\"elementor-element elementor-element-2459089 elementor-widget elementor-widget-text-editor\" data-id=\"2459089\" data-element_type=\"widget\" data-e-type=\"widget\" data-widget_type=\"text-editor.default\">\n\t\t\t\t\t\t\t\t\t<p>Discover unique and exclusive works in our online store.<\/p>\t\t\t\t\t\t\t\t<\/div>\n\t\t\t\t<\/div>\n\t\t<div class=\"elementor-element elementor-element-a81b240 e-con-full e-flex e-con e-child\" data-id=\"a81b240\" data-element_type=\"container\" data-e-type=\"container\">\n\t\t\t\t<div class=\"elementor-element elementor-element-fddcd19 elementor-widget elementor-widget-image\" data-id=\"fddcd19\" data-element_type=\"widget\" data-e-type=\"widget\" data-widget_type=\"image.default\">\n\t\t\t\t\t\t\t\t\t\t\t\t\t\t\t<img loading=\"lazy\" decoding=\"async\" width=\"800\" height=\"644\" src=\"https:\/\/luxartaesthetics.com\/wp-content\/uploads\/2025\/07\/imgi_69_photo-1723721393021-01bed3ec5681-1024x824.jpg\" class=\"attachment-large size-large wp-image-81\" alt=\"\" srcset=\"https:\/\/luxartaesthetics.com\/wp-content\/uploads\/2025\/07\/imgi_69_photo-1723721393021-01bed3ec5681-1024x824.jpg 1024w, https:\/\/luxartaesthetics.com\/wp-content\/uploads\/2025\/07\/imgi_69_photo-1723721393021-01bed3ec5681-300x241.jpg 300w, https:\/\/luxartaesthetics.com\/wp-content\/uploads\/2025\/07\/imgi_69_photo-1723721393021-01bed3ec5681-768x618.jpg 768w, https:\/\/luxartaesthetics.com\/wp-content\/uploads\/2025\/07\/imgi_69_photo-1723721393021-01bed3ec5681-600x483.jpg 600w, https:\/\/luxartaesthetics.com\/wp-content\/uploads\/2025\/07\/imgi_69_photo-1723721393021-01bed3ec5681.jpg 1080w\" sizes=\"(max-width: 800px) 100vw, 800px\" \/>\t\t\t\t\t\t\t\t\t\t\t\t\t\t\t<\/div>\n\t\t\t\t<\/div>\n\t\t<div class=\"elementor-element elementor-element-299829c e-con-full e-flex e-con e-child\" data-id=\"299829c\" data-element_type=\"container\" data-e-type=\"container\">\n\t\t\t\t<div class=\"elementor-element elementor-element-33d1d8b elementor-widget elementor-widget-heading\" data-id=\"33d1d8b\" data-element_type=\"widget\" data-e-type=\"widget\" data-widget_type=\"heading.default\">\n\t\t\t\t\t<h3 class=\"elementor-heading-title elementor-size-default\">Contemporary Art<\/h3>\t\t\t\t<\/div>\n\t\t\t\t<div class=\"elementor-element elementor-element-5c8aaf7 elementor-widget elementor-widget-text-editor\" data-id=\"5c8aaf7\" data-element_type=\"widget\" data-e-type=\"widget\" data-widget_type=\"text-editor.default\">\n\t\t\t\t\t\t\t\t\t<p>Explore our collection of contemporary art, where each piece tells a unique story and reflects the creativity of talented artists. Find the perfect piece for your space.<\/p>\t\t\t\t\t\t\t\t<\/div>\n\t\t\t\t<\/div>\n\t\t<div class=\"elementor-element elementor-element-f1ef1d7 e-con-full e-flex e-con e-child\" data-id=\"f1ef1d7\" data-element_type=\"container\" data-e-type=\"container\">\n\t\t\t\t<div class=\"elementor-element elementor-element-ea318bb elementor-widget elementor-widget-image\" data-id=\"ea318bb\" data-element_type=\"widget\" data-e-type=\"widget\" data-widget_type=\"image.default\">\n\t\t\t\t\t\t\t\t\t\t\t\t\t\t\t<img loading=\"lazy\" decoding=\"async\" width=\"800\" height=\"644\" src=\"https:\/\/luxartaesthetics.com\/wp-content\/uploads\/2025\/07\/imgi_78_photo-1606819717115-9159c900370b-1024x824.jpg\" class=\"attachment-large size-large wp-image-82\" alt=\"\" srcset=\"https:\/\/luxartaesthetics.com\/wp-content\/uploads\/2025\/07\/imgi_78_photo-1606819717115-9159c900370b-1024x824.jpg 1024w, https:\/\/luxartaesthetics.com\/wp-content\/uploads\/2025\/07\/imgi_78_photo-1606819717115-9159c900370b-300x241.jpg 300w, https:\/\/luxartaesthetics.com\/wp-content\/uploads\/2025\/07\/imgi_78_photo-1606819717115-9159c900370b-768x618.jpg 768w, https:\/\/luxartaesthetics.com\/wp-content\/uploads\/2025\/07\/imgi_78_photo-1606819717115-9159c900370b-600x483.jpg 600w, https:\/\/luxartaesthetics.com\/wp-content\/uploads\/2025\/07\/imgi_78_photo-1606819717115-9159c900370b.jpg 1080w\" sizes=\"(max-width: 800px) 100vw, 800px\" \/>\t\t\t\t\t\t\t\t\t\t\t\t\t\t\t<\/div>\n\t\t\t\t<\/div>\n\t\t<div class=\"elementor-element elementor-element-53853a9 e-con-full e-flex e-con e-child\" data-id=\"53853a9\" data-element_type=\"container\" data-e-type=\"container\">\n\t\t\t\t<div class=\"elementor-element elementor-element-2ce8425 elementor-widget elementor-widget-heading\" data-id=\"2ce8425\" data-element_type=\"widget\" data-e-type=\"widget\" data-widget_type=\"heading.default\">\n\t\t\t\t\t<h3 class=\"elementor-heading-title elementor-size-default\">Featured Works<\/h3>\t\t\t\t<\/div>\n\t\t\t\t<div class=\"elementor-element elementor-element-bad69f8 elementor-widget elementor-widget-text-editor\" data-id=\"bad69f8\" data-element_type=\"widget\" data-e-type=\"widget\" data-widget_type=\"text-editor.default\">\n\t\t\t\t\t\t\t\t\t<p>Browse our featured works, carefully selected to offer you the best of art. Each work is an expression of passion and dedication, ideal for any art lover.<\/p>\t\t\t\t\t\t\t\t<\/div>\n\t\t\t\t<\/div>\n\t\t\t\t\t<\/div>\n\t\t\t\t<\/div>\n\t\t<div class=\"elementor-element elementor-element-495d5ca e-flex e-con-boxed e-con e-parent\" data-id=\"495d5ca\" data-element_type=\"container\" data-e-type=\"container\">\n\t\t\t\t\t<div class=\"e-con-inner\">\n\t\t<div class=\"elementor-element elementor-element-aacc365 e-con-full e-flex e-con e-child\" data-id=\"aacc365\" data-element_type=\"container\" data-e-type=\"container\">\n\t\t\t\t<div class=\"elementor-element elementor-element-1a7b676 elementor-widget elementor-widget-heading\" data-id=\"1a7b676\" data-element_type=\"widget\" data-e-type=\"widget\" data-widget_type=\"heading.default\">\n\t\t\t\t\t<h2 class=\"elementor-heading-title elementor-size-default\">Welcome to Luxart Aesthetics<\/h2>\t\t\t\t<\/div>\n\t\t\t\t<\/div>\n\t\t<div class=\"elementor-element elementor-element-7be13b3 e-con-full e-flex e-con e-child\" data-id=\"7be13b3\" data-element_type=\"container\" data-e-type=\"container\">\n\t\t\t\t<div class=\"elementor-element elementor-element-e59d9b0 elementor-widget elementor-widget-text-editor\" data-id=\"e59d9b0\" data-element_type=\"widget\" data-e-type=\"widget\" data-widget_type=\"text-editor.default\">\n\t\t\t\t\t\t\t\t\t<p>Discover our online art gallery, where we offer unique works that inspire and beautify your space. Each piece is handpicked with love and dedication.<\/p>\t\t\t\t\t\t\t\t<\/div>\n\t\t\t\t<\/div>\n\t\t<div class=\"elementor-element elementor-element-f299e04 e-con-full e-flex e-con e-child\" data-id=\"f299e04\" data-element_type=\"container\" data-e-type=\"container\">\n\t\t\t\t<div class=\"elementor-element elementor-element-6c371ee elementor-widget elementor-widget-image\" data-id=\"6c371ee\" data-element_type=\"widget\" data-e-type=\"widget\" data-widget_type=\"image.default\">\n\t\t\t\t\t\t\t\t\t\t\t\t\t\t\t<img loading=\"lazy\" decoding=\"async\" width=\"800\" height=\"547\" src=\"https:\/\/luxartaesthetics.com\/wp-content\/uploads\/2025\/07\/imgi_87_photo-1602655437679-72db5aa284d1-1024x700.jpg\" class=\"attachment-large size-large wp-image-80\" alt=\"\" srcset=\"https:\/\/luxartaesthetics.com\/wp-content\/uploads\/2025\/07\/imgi_87_photo-1602655437679-72db5aa284d1-1024x700.jpg 1024w, https:\/\/luxartaesthetics.com\/wp-content\/uploads\/2025\/07\/imgi_87_photo-1602655437679-72db5aa284d1-300x205.jpg 300w, https:\/\/luxartaesthetics.com\/wp-content\/uploads\/2025\/07\/imgi_87_photo-1602655437679-72db5aa284d1-768x525.jpg 768w, https:\/\/luxartaesthetics.com\/wp-content\/uploads\/2025\/07\/imgi_87_photo-1602655437679-72db5aa284d1-600x410.jpg 600w, https:\/\/luxartaesthetics.com\/wp-content\/uploads\/2025\/07\/imgi_87_photo-1602655437679-72db5aa284d1.jpg 1080w\" sizes=\"(max-width: 800px) 100vw, 800px\" \/>\t\t\t\t\t\t\t\t\t\t\t\t\t\t\t<\/div>\n\t\t\t\t<\/div>\n\t\t\t\t\t<\/div>\n\t\t\t\t<\/div>\n\t\t\t\t<\/div>","protected":false},"excerpt":{"rendered":"<p>Galer\u00eda de Arte Descubre obras \u00fanicas en nuestra galer\u00eda de arte online. Galer\u00eda de Arte Descubre obras \u00fanicas y exclusivas en nuestra tienda online. Arte Contempor\u00e1neo Explora nuestra colecci\u00f3n de arte contempor\u00e1neo, donde cada pieza cuenta una historia \u00fanica y refleja la creatividad de talentosos artistas. Encuentra la obra perfecta para tu espacio. Obras Destacadas [&hellip;]<\/p>","protected":false},"author":1,"featured_media":0,"parent":0,"menu_order":0,"comment_status":"closed","ping_status":"closed","template":"","meta":{"footnotes":""},"class_list":["post-74","page","type-page","status-publish","hentry"],"_links":{"self":[{"href":"https:\/\/luxartaesthetics.com\/en\/wp-json\/wp\/v2\/pages\/74","targetHints":{"allow":["GET"]}}],"collection":[{"href":"https:\/\/luxartaesthetics.com\/en\/wp-json\/wp\/v2\/pages"}],"about":[{"href":"https:\/\/luxartaesthetics.com\/en\/wp-json\/wp\/v2\/types\/page"}],"author":[{"embeddable":true,"href":"https:\/\/luxartaesthetics.com\/en\/wp-json\/wp\/v2\/users\/1"}],"replies":[{"embeddable":true,"href":"https:\/\/luxartaesthetics.com\/en\/wp-json\/wp\/v2\/comments?post=74"}],"version-history":[{"count":0,"href":"https:\/\/luxartaesthetics.com\/en\/wp-json\/wp\/v2\/pages\/74\/revisions"}],"wp:attachment":[{"href":"https:\/\/luxartaesthetics.com\/en\/wp-json\/wp\/v2\/media?parent=74"}],"curies":[{"name":"wp","href":"https:\/\/api.w.org\/{rel}","templated":true}]}}