{"id":138,"date":"2025-07-19T02:14:50","date_gmt":"2025-07-19T02:14:50","guid":{"rendered":"https:\/\/darkgreen-mallard-222988.hostingersite.com\/?post_type=product&#038;p=138"},"modified":"2025-07-30T18:01:37","modified_gmt":"2025-07-30T18:01:37","slug":"fotografia-artistica-en-blanco-y-negro-2","status":"publish","type":"product","link":"https:\/\/luxartaesthetics.com\/en\/producto\/fotografia-artistica-en-blanco-y-negro-2\/","title":{"rendered":"Black and white artistic photography"},"content":{"rendered":"<h3>Imagen expresiva con efecto desenfoque<\/h3>\n<p>Captura art\u00edstica en blanco y negro que presenta una figura humana con un intrigante efecto desenfoque que despierta la imaginaci\u00f3n. Esta obra de arte es perfecta para a\u00f1adir un toque de sofisticaci\u00f3n a la decoraci\u00f3n moderna y contempor\u00e1nea de cualquier espacio. Ideal para salas de estar, oficinas o galer\u00edas de arte. Disponible en varios tama\u00f1os para adaptarse a tu necesidad.<\/p>","protected":false},"excerpt":{"rendered":"<p>Imagen expresiva con efecto desenfoque Captura art\u00edstica en blanco y negro que presenta una figura humana con un intrigante efecto desenfoque que despierta la imaginaci\u00f3n. Esta obra de arte es perfecta para a\u00f1adir un toque de sofisticaci\u00f3n a la decoraci\u00f3n moderna y contempor\u00e1nea de cualquier espacio. Ideal para salas de estar, oficinas o galer\u00edas de [&hellip;]<\/p>","protected":false},"featured_media":139,"comment_status":"open","ping_status":"closed","template":"","meta":[],"product_brand":[],"product_cat":[22,15],"product_tag":[23],"class_list":{"0":"post-138","1":"product","2":"type-product","3":"status-publish","4":"has-post-thumbnail","6":"product_cat-fotografia","7":"product_cat-sin-categorizar","8":"product_tag-edicion-limitada","10":"first","11":"instock","12":"shipping-taxable","13":"purchasable","14":"product-type-simple"},"_links":{"self":[{"href":"https:\/\/luxartaesthetics.com\/en\/wp-json\/wp\/v2\/product\/138","targetHints":{"allow":["GET"]}}],"collection":[{"href":"https:\/\/luxartaesthetics.com\/en\/wp-json\/wp\/v2\/product"}],"about":[{"href":"https:\/\/luxartaesthetics.com\/en\/wp-json\/wp\/v2\/types\/product"}],"replies":[{"embeddable":true,"href":"https:\/\/luxartaesthetics.com\/en\/wp-json\/wp\/v2\/comments?post=138"}],"wp:featuredmedia":[{"embeddable":true,"href":"https:\/\/luxartaesthetics.com\/en\/wp-json\/wp\/v2\/media\/139"}],"wp:attachment":[{"href":"https:\/\/luxartaesthetics.com\/en\/wp-json\/wp\/v2\/media?parent=138"}],"wp:term":[{"taxonomy":"product_brand","embeddable":true,"href":"https:\/\/luxartaesthetics.com\/en\/wp-json\/wp\/v2\/product_brand?post=138"},{"taxonomy":"product_cat","embeddable":true,"href":"https:\/\/luxartaesthetics.com\/en\/wp-json\/wp\/v2\/product_cat?post=138"},{"taxonomy":"product_tag","embeddable":true,"href":"https:\/\/luxartaesthetics.com\/en\/wp-json\/wp\/v2\/product_tag?post=138"}],"curies":[{"name":"wp","href":"https:\/\/api.w.org\/{rel}","templated":true}]}}