{"id":146,"date":"2025-07-19T02:31:22","date_gmt":"2025-07-19T02:31:22","guid":{"rendered":"https:\/\/darkgreen-mallard-222988.hostingersite.com\/?post_type=product&#038;p=146"},"modified":"2025-07-30T18:00:12","modified_gmt":"2025-07-30T18:00:12","slug":"foto-artistica-con-colores-vibrantes","status":"publish","type":"product","link":"https:\/\/luxartaesthetics.com\/en\/producto\/foto-artistica-con-colores-vibrantes\/","title":{"rendered":"Artistic photo with vibrant colors"},"content":{"rendered":"<h3 class=\"block-product__subtitle\">Explosi\u00f3n de color en el rostro<\/h3>\n<p>Emb\u00e1rcate en un viaje visual con esta foto art\u00edstica de colores deslumbrantes. La imagen captura una exquisita composici\u00f3n donde se fusionan vibrantes tonalidades en el rostro, dando vida a una obra de arte que dejar\u00e1 una impresi\u00f3n duradera. Disponible en tama\u00f1os variados para que elijas el que mejor complemente tu espacio.<\/p>","protected":false},"excerpt":{"rendered":"<p>Explosi\u00f3n de color en el rostro Emb\u00e1rcate en un viaje visual con esta foto art\u00edstica de colores deslumbrantes. La imagen captura una exquisita composici\u00f3n donde se fusionan vibrantes tonalidades en el rostro, dando vida a una obra de arte que dejar\u00e1 una impresi\u00f3n duradera. Disponible en tama\u00f1os variados para que elijas el que mejor complemente [&hellip;]<\/p>","protected":false},"featured_media":147,"comment_status":"open","ping_status":"closed","template":"","meta":[],"product_brand":[],"product_cat":[20,15],"product_tag":[24],"class_list":{"0":"post-146","1":"product","2":"type-product","3":"status-publish","4":"has-post-thumbnail","6":"product_cat-pinturas","7":"product_cat-sin-categorizar","8":"product_tag-nuevo","10":"first","11":"instock","12":"shipping-taxable","13":"purchasable","14":"product-type-simple"},"_links":{"self":[{"href":"https:\/\/luxartaesthetics.com\/en\/wp-json\/wp\/v2\/product\/146","targetHints":{"allow":["GET"]}}],"collection":[{"href":"https:\/\/luxartaesthetics.com\/en\/wp-json\/wp\/v2\/product"}],"about":[{"href":"https:\/\/luxartaesthetics.com\/en\/wp-json\/wp\/v2\/types\/product"}],"replies":[{"embeddable":true,"href":"https:\/\/luxartaesthetics.com\/en\/wp-json\/wp\/v2\/comments?post=146"}],"wp:featuredmedia":[{"embeddable":true,"href":"https:\/\/luxartaesthetics.com\/en\/wp-json\/wp\/v2\/media\/147"}],"wp:attachment":[{"href":"https:\/\/luxartaesthetics.com\/en\/wp-json\/wp\/v2\/media?parent=146"}],"wp:term":[{"taxonomy":"product_brand","embeddable":true,"href":"https:\/\/luxartaesthetics.com\/en\/wp-json\/wp\/v2\/product_brand?post=146"},{"taxonomy":"product_cat","embeddable":true,"href":"https:\/\/luxartaesthetics.com\/en\/wp-json\/wp\/v2\/product_cat?post=146"},{"taxonomy":"product_tag","embeddable":true,"href":"https:\/\/luxartaesthetics.com\/en\/wp-json\/wp\/v2\/product_tag?post=146"}],"curies":[{"name":"wp","href":"https:\/\/api.w.org\/{rel}","templated":true}]}}