{"id":192,"date":"2025-07-20T01:26:36","date_gmt":"2025-07-20T01:26:36","guid":{"rendered":"https:\/\/darkgreen-mallard-222988.hostingersite.com\/?post_type=product&#038;p=192"},"modified":"2025-07-30T17:58:53","modified_gmt":"2025-07-30T17:58:53","slug":"flotador-de-piscina","status":"publish","type":"product","link":"https:\/\/luxartaesthetics.com\/en\/producto\/flotador-de-piscina\/","title":{"rendered":"Pool float"},"content":{"rendered":"<h3 class=\"block-product__subtitle\">Flotador inflable azul<\/h3>\n<p>Disfruta del verano con nuestro elegante flotador de piscina azul. Este inflable est\u00e1 dise\u00f1ado para ofrecer m\u00e1xima comodidad y durabilidad, fabricado con material resistente que garantiza horas de relajaci\u00f3n en el agua. Ideal para todas las edades, su tama\u00f1o generoso proporciona suficiente espacio para descansar y divertirse. \u00a1Convierte tu tiempo en la piscina en una experiencia inolvidable!<\/p>","protected":false},"excerpt":{"rendered":"<p>Flotador inflable azul Disfruta del verano con nuestro elegante flotador de piscina azul. Este inflable est\u00e1 dise\u00f1ado para ofrecer m\u00e1xima comodidad y durabilidad, fabricado con material resistente que garantiza horas de relajaci\u00f3n en el agua. Ideal para todas las edades, su tama\u00f1o generoso proporciona suficiente espacio para descansar y divertirse. \u00a1Convierte tu tiempo en la [&hellip;]<\/p>","protected":false},"featured_media":193,"comment_status":"open","ping_status":"closed","template":"","meta":[],"product_brand":[],"product_cat":[21,15],"product_tag":[24],"class_list":{"0":"post-192","1":"product","2":"type-product","3":"status-publish","4":"has-post-thumbnail","6":"product_cat-esculturas","7":"product_cat-sin-categorizar","8":"product_tag-nuevo","10":"first","11":"instock","12":"shipping-taxable","13":"purchasable","14":"product-type-simple"},"_links":{"self":[{"href":"https:\/\/luxartaesthetics.com\/en\/wp-json\/wp\/v2\/product\/192","targetHints":{"allow":["GET"]}}],"collection":[{"href":"https:\/\/luxartaesthetics.com\/en\/wp-json\/wp\/v2\/product"}],"about":[{"href":"https:\/\/luxartaesthetics.com\/en\/wp-json\/wp\/v2\/types\/product"}],"replies":[{"embeddable":true,"href":"https:\/\/luxartaesthetics.com\/en\/wp-json\/wp\/v2\/comments?post=192"}],"wp:featuredmedia":[{"embeddable":true,"href":"https:\/\/luxartaesthetics.com\/en\/wp-json\/wp\/v2\/media\/193"}],"wp:attachment":[{"href":"https:\/\/luxartaesthetics.com\/en\/wp-json\/wp\/v2\/media?parent=192"}],"wp:term":[{"taxonomy":"product_brand","embeddable":true,"href":"https:\/\/luxartaesthetics.com\/en\/wp-json\/wp\/v2\/product_brand?post=192"},{"taxonomy":"product_cat","embeddable":true,"href":"https:\/\/luxartaesthetics.com\/en\/wp-json\/wp\/v2\/product_cat?post=192"},{"taxonomy":"product_tag","embeddable":true,"href":"https:\/\/luxartaesthetics.com\/en\/wp-json\/wp\/v2\/product_tag?post=192"}],"curies":[{"name":"wp","href":"https:\/\/api.w.org\/{rel}","templated":true}]}}