{"id":226,"date":"2025-07-21T04:35:47","date_gmt":"2025-07-21T04:35:47","guid":{"rendered":"https:\/\/darkgreen-mallard-222988.hostingersite.com\/?post_type=product&#038;p=226"},"modified":"2025-07-30T17:50:38","modified_gmt":"2025-07-30T17:50:38","slug":"foto-de-la-ciudad-de-nueva-york","status":"publish","type":"product","link":"https:\/\/luxartaesthetics.com\/en\/producto\/foto-de-la-ciudad-de-nueva-york\/","title":{"rendered":"Photo of New York City"},"content":{"rendered":"<h3 class=\"block-product__subtitle\">Fotograf\u00eda en blanco y negro del Empire State Building<\/h3>\n<p>Fotograf\u00eda art\u00edstica de Nueva York: una impresionante imagen en blanco y negro del majestuoso Empire State Building, capturada con se\u00f1ales ic\u00f3nicas de Broadway y del metro en el primer plano. Medidas disponibles: 50&#215;70 cm. Ideal para decorar tu hogar u oficina con un toque elegante y sofisticado.<\/p>","protected":false},"excerpt":{"rendered":"<p>Fotograf\u00eda en blanco y negro del Empire State Building Fotograf\u00eda art\u00edstica de Nueva York: una impresionante imagen en blanco y negro del majestuoso Empire State Building, capturada con se\u00f1ales ic\u00f3nicas de Broadway y del metro en el primer plano. Medidas disponibles: 50&#215;70 cm. Ideal para decorar tu hogar u oficina con un toque elegante y [&hellip;]<\/p>","protected":false},"featured_media":227,"comment_status":"open","ping_status":"closed","template":"","meta":[],"product_brand":[],"product_cat":[22,15],"product_tag":[32],"class_list":{"0":"post-226","1":"product","2":"type-product","3":"status-publish","4":"has-post-thumbnail","6":"product_cat-fotografia","7":"product_cat-sin-categorizar","8":"product_tag-nuevo-llegado","10":"first","11":"instock","12":"shipping-taxable","13":"purchasable","14":"product-type-simple"},"_links":{"self":[{"href":"https:\/\/luxartaesthetics.com\/en\/wp-json\/wp\/v2\/product\/226","targetHints":{"allow":["GET"]}}],"collection":[{"href":"https:\/\/luxartaesthetics.com\/en\/wp-json\/wp\/v2\/product"}],"about":[{"href":"https:\/\/luxartaesthetics.com\/en\/wp-json\/wp\/v2\/types\/product"}],"replies":[{"embeddable":true,"href":"https:\/\/luxartaesthetics.com\/en\/wp-json\/wp\/v2\/comments?post=226"}],"wp:featuredmedia":[{"embeddable":true,"href":"https:\/\/luxartaesthetics.com\/en\/wp-json\/wp\/v2\/media\/227"}],"wp:attachment":[{"href":"https:\/\/luxartaesthetics.com\/en\/wp-json\/wp\/v2\/media?parent=226"}],"wp:term":[{"taxonomy":"product_brand","embeddable":true,"href":"https:\/\/luxartaesthetics.com\/en\/wp-json\/wp\/v2\/product_brand?post=226"},{"taxonomy":"product_cat","embeddable":true,"href":"https:\/\/luxartaesthetics.com\/en\/wp-json\/wp\/v2\/product_cat?post=226"},{"taxonomy":"product_tag","embeddable":true,"href":"https:\/\/luxartaesthetics.com\/en\/wp-json\/wp\/v2\/product_tag?post=226"}],"curies":[{"name":"wp","href":"https:\/\/api.w.org\/{rel}","templated":true}]}}