{"id":238,"date":"2025-07-21T05:36:37","date_gmt":"2025-07-21T05:36:37","guid":{"rendered":"https:\/\/darkgreen-mallard-222988.hostingersite.com\/?post_type=product&#038;p=238"},"modified":"2025-07-30T17:47:16","modified_gmt":"2025-07-30T17:47:16","slug":"poster-de-hojas-de-monstera","status":"publish","type":"product","link":"https:\/\/luxartaesthetics.com\/en\/producto\/poster-de-hojas-de-monstera\/","title":{"rendered":"Monstera leaf poster"},"content":{"rendered":"<h3 class=\"block-product__subtitle\">Impresi\u00f3n art\u00edstica en blanco y negro<\/h3>\n<p>Transforma cualquier espacio moderno o contempor\u00e1neo con este exclusivo p\u00f3ster de hojas de Monstera. Con un elegante dise\u00f1o en blanco y negro, este p\u00f3ster es el toque final perfecto para tu sala de estar, dormitorio o estudio. Disponibles en varios tama\u00f1os, te permite personalizar tu decoraci\u00f3n seg\u00fan tus necesidades. Agrega un aire de frescura y sofisticaci\u00f3n con este imprescindible accesorio decorativo.<\/p>","protected":false},"excerpt":{"rendered":"<p>Impresi\u00f3n art\u00edstica en blanco y negro Transforma cualquier espacio moderno o contempor\u00e1neo con este exclusivo p\u00f3ster de hojas de Monstera. Con un elegante dise\u00f1o en blanco y negro, este p\u00f3ster es el toque final perfecto para tu sala de estar, dormitorio o estudio. Disponibles en varios tama\u00f1os, te permite personalizar tu decoraci\u00f3n seg\u00fan tus necesidades. [&hellip;]<\/p>","protected":false},"featured_media":239,"comment_status":"open","ping_status":"closed","template":"","meta":[],"product_brand":[],"product_cat":[22,15],"product_tag":[24],"class_list":{"0":"post-238","1":"product","2":"type-product","3":"status-publish","4":"has-post-thumbnail","6":"product_cat-fotografia","7":"product_cat-sin-categorizar","8":"product_tag-nuevo","10":"first","11":"instock","12":"shipping-taxable","13":"purchasable","14":"product-type-simple"},"_links":{"self":[{"href":"https:\/\/luxartaesthetics.com\/en\/wp-json\/wp\/v2\/product\/238","targetHints":{"allow":["GET"]}}],"collection":[{"href":"https:\/\/luxartaesthetics.com\/en\/wp-json\/wp\/v2\/product"}],"about":[{"href":"https:\/\/luxartaesthetics.com\/en\/wp-json\/wp\/v2\/types\/product"}],"replies":[{"embeddable":true,"href":"https:\/\/luxartaesthetics.com\/en\/wp-json\/wp\/v2\/comments?post=238"}],"wp:featuredmedia":[{"embeddable":true,"href":"https:\/\/luxartaesthetics.com\/en\/wp-json\/wp\/v2\/media\/239"}],"wp:attachment":[{"href":"https:\/\/luxartaesthetics.com\/en\/wp-json\/wp\/v2\/media?parent=238"}],"wp:term":[{"taxonomy":"product_brand","embeddable":true,"href":"https:\/\/luxartaesthetics.com\/en\/wp-json\/wp\/v2\/product_brand?post=238"},{"taxonomy":"product_cat","embeddable":true,"href":"https:\/\/luxartaesthetics.com\/en\/wp-json\/wp\/v2\/product_cat?post=238"},{"taxonomy":"product_tag","embeddable":true,"href":"https:\/\/luxartaesthetics.com\/en\/wp-json\/wp\/v2\/product_tag?post=238"}],"curies":[{"name":"wp","href":"https:\/\/api.w.org\/{rel}","templated":true}]}}