{"id":242,"date":"2025-07-22T04:12:45","date_gmt":"2025-07-22T04:12:45","guid":{"rendered":"https:\/\/darkgreen-mallard-222988.hostingersite.com\/?post_type=product&#038;p=242"},"modified":"2025-07-30T17:46:39","modified_gmt":"2025-07-30T17:46:39","slug":"anillo-elegante","status":"publish","type":"product","link":"https:\/\/luxartaesthetics.com\/en\/producto\/anillo-elegante\/","title":{"rendered":"elegant ring"},"content":{"rendered":"<h3 class=\"block-product__subtitle\">Anillo decorativo con dise\u00f1o exclusivo<\/h3>\n<p>Descubre el anillo perfecto para momentos inolvidables. Este anillo elegantemente dise\u00f1ado, cuenta con intrincados detalles que elevan su belleza. Ideal para ocasiones especiales, su dise\u00f1o exquisito lo har\u00e1 destacar en cualquier evento. Disponible en varias tallas y colores para adaptarse a tu gusto personal.<\/p>","protected":false},"excerpt":{"rendered":"<p>Anillo decorativo con dise\u00f1o exclusivo Descubre el anillo perfecto para momentos inolvidables. Este anillo elegantemente dise\u00f1ado, cuenta con intrincados detalles que elevan su belleza. Ideal para ocasiones especiales, su dise\u00f1o exquisito lo har\u00e1 destacar en cualquier evento. Disponible en varias tallas y colores para adaptarse a tu gusto personal.<\/p>","protected":false},"featured_media":243,"comment_status":"open","ping_status":"closed","template":"","meta":[],"product_brand":[],"product_cat":[21,15],"product_tag":[24],"class_list":{"0":"post-242","1":"product","2":"type-product","3":"status-publish","4":"has-post-thumbnail","6":"product_cat-esculturas","7":"product_cat-sin-categorizar","8":"product_tag-nuevo","10":"first","11":"instock","12":"shipping-taxable","13":"purchasable","14":"product-type-simple"},"_links":{"self":[{"href":"https:\/\/luxartaesthetics.com\/en\/wp-json\/wp\/v2\/product\/242","targetHints":{"allow":["GET"]}}],"collection":[{"href":"https:\/\/luxartaesthetics.com\/en\/wp-json\/wp\/v2\/product"}],"about":[{"href":"https:\/\/luxartaesthetics.com\/en\/wp-json\/wp\/v2\/types\/product"}],"replies":[{"embeddable":true,"href":"https:\/\/luxartaesthetics.com\/en\/wp-json\/wp\/v2\/comments?post=242"}],"wp:featuredmedia":[{"embeddable":true,"href":"https:\/\/luxartaesthetics.com\/en\/wp-json\/wp\/v2\/media\/243"}],"wp:attachment":[{"href":"https:\/\/luxartaesthetics.com\/en\/wp-json\/wp\/v2\/media?parent=242"}],"wp:term":[{"taxonomy":"product_brand","embeddable":true,"href":"https:\/\/luxartaesthetics.com\/en\/wp-json\/wp\/v2\/product_brand?post=242"},{"taxonomy":"product_cat","embeddable":true,"href":"https:\/\/luxartaesthetics.com\/en\/wp-json\/wp\/v2\/product_cat?post=242"},{"taxonomy":"product_tag","embeddable":true,"href":"https:\/\/luxartaesthetics.com\/en\/wp-json\/wp\/v2\/product_tag?post=242"}],"curies":[{"name":"wp","href":"https:\/\/api.w.org\/{rel}","templated":true}]}}