{"id":244,"date":"2025-07-22T04:14:42","date_gmt":"2025-07-22T04:14:42","guid":{"rendered":"https:\/\/darkgreen-mallard-222988.hostingersite.com\/?post_type=product&#038;p=244"},"modified":"2025-07-30T17:46:15","modified_gmt":"2025-07-30T17:46:15","slug":"poster-motivacional","status":"publish","type":"product","link":"https:\/\/luxartaesthetics.com\/en\/producto\/poster-motivacional\/","title":{"rendered":"Motivational poster"},"content":{"rendered":"<h3 class=\"block-product__subtitle\">Decoraci\u00f3n minimalista<\/h3>\n<p>Descubre el impulso que necesitas con nuestro p\u00f3ster motivacional que lleva el mensaje inspirador 'Focus on the good'. Perfecto para a\u00f1adir un toque de \u00e1nimo y energ\u00eda positiva a cualquier rinc\u00f3n de tu hogar u oficina. Su elegante dise\u00f1o minimalista se mezcla armoniosamente con cualquier estilo de decoraci\u00f3n. Disponible en colores neutros que realzan su versatilidad y en tama\u00f1os que van desde peque\u00f1o hasta grande para adaptarse a diferentes espacios.<\/p>","protected":false},"excerpt":{"rendered":"<p>Decoraci\u00f3n minimalista Descubre el impulso que necesitas con nuestro p\u00f3ster motivacional que lleva el mensaje inspirador 'Focus on the good'. Perfecto para a\u00f1adir un toque de \u00e1nimo y energ\u00eda positiva a cualquier rinc\u00f3n de tu hogar u oficina. Su elegante dise\u00f1o minimalista se mezcla armoniosamente con cualquier estilo de decoraci\u00f3n. Disponible en colores neutros que [&hellip;]<\/p>","protected":false},"featured_media":245,"comment_status":"open","ping_status":"closed","template":"","meta":[],"product_brand":[],"product_cat":[22,15],"product_tag":[24],"class_list":{"0":"post-244","1":"product","2":"type-product","3":"status-publish","4":"has-post-thumbnail","6":"product_cat-fotografia","7":"product_cat-sin-categorizar","8":"product_tag-nuevo","10":"first","11":"instock","12":"shipping-taxable","13":"purchasable","14":"product-type-simple"},"_links":{"self":[{"href":"https:\/\/luxartaesthetics.com\/en\/wp-json\/wp\/v2\/product\/244","targetHints":{"allow":["GET"]}}],"collection":[{"href":"https:\/\/luxartaesthetics.com\/en\/wp-json\/wp\/v2\/product"}],"about":[{"href":"https:\/\/luxartaesthetics.com\/en\/wp-json\/wp\/v2\/types\/product"}],"replies":[{"embeddable":true,"href":"https:\/\/luxartaesthetics.com\/en\/wp-json\/wp\/v2\/comments?post=244"}],"wp:featuredmedia":[{"embeddable":true,"href":"https:\/\/luxartaesthetics.com\/en\/wp-json\/wp\/v2\/media\/245"}],"wp:attachment":[{"href":"https:\/\/luxartaesthetics.com\/en\/wp-json\/wp\/v2\/media?parent=244"}],"wp:term":[{"taxonomy":"product_brand","embeddable":true,"href":"https:\/\/luxartaesthetics.com\/en\/wp-json\/wp\/v2\/product_brand?post=244"},{"taxonomy":"product_cat","embeddable":true,"href":"https:\/\/luxartaesthetics.com\/en\/wp-json\/wp\/v2\/product_cat?post=244"},{"taxonomy":"product_tag","embeddable":true,"href":"https:\/\/luxartaesthetics.com\/en\/wp-json\/wp\/v2\/product_tag?post=244"}],"curies":[{"name":"wp","href":"https:\/\/api.w.org\/{rel}","templated":true}]}}