{"id":246,"date":"2025-07-22T04:16:28","date_gmt":"2025-07-22T04:16:28","guid":{"rendered":"https:\/\/darkgreen-mallard-222988.hostingersite.com\/?post_type=product&#038;p=246"},"modified":"2025-07-30T17:45:53","modified_gmt":"2025-07-30T17:45:53","slug":"poster-motivacional-2","status":"publish","type":"product","link":"https:\/\/luxartaesthetics.com\/en\/producto\/poster-motivacional-2\/","title":{"rendered":"Motivational poster"},"content":{"rendered":"<h3 class=\"block-product__subtitle\">Inspiraci\u00f3n diaria<\/h3>\n<p>Descubre el poder de la motivaci\u00f3n con nuestro impresionante p\u00f3ster decorativo. Presentando la inspiradora frase 'Yes You Can', este p\u00f3ster es el toque perfecto para cualquier espacio que desees llenar de energ\u00eda positiva. Ideal para oficinas, habitaciones y lugares de estudio, este p\u00f3ster te recordar\u00e1 a diario que puedes lograr lo que te propones. Disponible en varios tama\u00f1os y colores vibrantes para que elijas el que mejor se adapte a tu estilo.<\/p>","protected":false},"excerpt":{"rendered":"<p>Inspiraci\u00f3n diaria Descubre el poder de la motivaci\u00f3n con nuestro impresionante p\u00f3ster decorativo. Presentando la inspiradora frase 'Yes You Can', este p\u00f3ster es el toque perfecto para cualquier espacio que desees llenar de energ\u00eda positiva. Ideal para oficinas, habitaciones y lugares de estudio, este p\u00f3ster te recordar\u00e1 a diario que puedes lograr lo que te [&hellip;]<\/p>","protected":false},"featured_media":247,"comment_status":"open","ping_status":"closed","template":"","meta":[],"product_brand":[],"product_cat":[22,15],"product_tag":[24],"class_list":{"0":"post-246","1":"product","2":"type-product","3":"status-publish","4":"has-post-thumbnail","6":"product_cat-fotografia","7":"product_cat-sin-categorizar","8":"product_tag-nuevo","10":"first","11":"instock","12":"shipping-taxable","13":"purchasable","14":"product-type-simple"},"_links":{"self":[{"href":"https:\/\/luxartaesthetics.com\/en\/wp-json\/wp\/v2\/product\/246","targetHints":{"allow":["GET"]}}],"collection":[{"href":"https:\/\/luxartaesthetics.com\/en\/wp-json\/wp\/v2\/product"}],"about":[{"href":"https:\/\/luxartaesthetics.com\/en\/wp-json\/wp\/v2\/types\/product"}],"replies":[{"embeddable":true,"href":"https:\/\/luxartaesthetics.com\/en\/wp-json\/wp\/v2\/comments?post=246"}],"wp:featuredmedia":[{"embeddable":true,"href":"https:\/\/luxartaesthetics.com\/en\/wp-json\/wp\/v2\/media\/247"}],"wp:attachment":[{"href":"https:\/\/luxartaesthetics.com\/en\/wp-json\/wp\/v2\/media?parent=246"}],"wp:term":[{"taxonomy":"product_brand","embeddable":true,"href":"https:\/\/luxartaesthetics.com\/en\/wp-json\/wp\/v2\/product_brand?post=246"},{"taxonomy":"product_cat","embeddable":true,"href":"https:\/\/luxartaesthetics.com\/en\/wp-json\/wp\/v2\/product_cat?post=246"},{"taxonomy":"product_tag","embeddable":true,"href":"https:\/\/luxartaesthetics.com\/en\/wp-json\/wp\/v2\/product_tag?post=246"}],"curies":[{"name":"wp","href":"https:\/\/api.w.org\/{rel}","templated":true}]}}