{"id":260,"date":"2025-07-22T04:34:47","date_gmt":"2025-07-22T04:34:47","guid":{"rendered":"https:\/\/darkgreen-mallard-222988.hostingersite.com\/?post_type=product&#038;p=260"},"modified":"2025-07-30T17:38:29","modified_gmt":"2025-07-30T17:38:29","slug":"cuadro-paisajistico-de-montana","status":"publish","type":"product","link":"https:\/\/luxartaesthetics.com\/en\/producto\/cuadro-paisajistico-de-montana\/","title":{"rendered":"Mountain landscape painting"},"content":{"rendered":"<h3 class=\"block-product__subtitle\">Impresionante vista panor\u00e1mica<\/h3>\n<p>Cuadro paisaj\u00edstico de monta\u00f1a: Una impresionante obra de arte que captura la majestuosa belleza de las monta\u00f1as cubiertas de niebla, con un paisaje verde que se extiende abajo. Este cuadro de alta calidad, pintado a mano, es perfecto para dar un toque de elegancia y serenidad a cualquier espacio. Medidas: 50 cm x 70 cm. Colores vivos y duraderos que resisten el paso del tiempo.<\/p>","protected":false},"excerpt":{"rendered":"<p>Impresionante vista panor\u00e1mica Cuadro paisaj\u00edstico de monta\u00f1a: Una impresionante obra de arte que captura la majestuosa belleza de las monta\u00f1as cubiertas de niebla, con un paisaje verde que se extiende abajo. Este cuadro de alta calidad, pintado a mano, es perfecto para dar un toque de elegancia y serenidad a cualquier espacio. Medidas: 50 cm [&hellip;]<\/p>","protected":false},"featured_media":261,"comment_status":"open","ping_status":"closed","template":"","meta":[],"product_brand":[],"product_cat":[20,15],"product_tag":[25],"class_list":{"0":"post-260","1":"product","2":"type-product","3":"status-publish","4":"has-post-thumbnail","6":"product_cat-pinturas","7":"product_cat-sin-categorizar","8":"product_tag-hecho-a-mano","10":"first","11":"instock","12":"shipping-taxable","13":"purchasable","14":"product-type-simple"},"_links":{"self":[{"href":"https:\/\/luxartaesthetics.com\/en\/wp-json\/wp\/v2\/product\/260","targetHints":{"allow":["GET"]}}],"collection":[{"href":"https:\/\/luxartaesthetics.com\/en\/wp-json\/wp\/v2\/product"}],"about":[{"href":"https:\/\/luxartaesthetics.com\/en\/wp-json\/wp\/v2\/types\/product"}],"replies":[{"embeddable":true,"href":"https:\/\/luxartaesthetics.com\/en\/wp-json\/wp\/v2\/comments?post=260"}],"wp:featuredmedia":[{"embeddable":true,"href":"https:\/\/luxartaesthetics.com\/en\/wp-json\/wp\/v2\/media\/261"}],"wp:attachment":[{"href":"https:\/\/luxartaesthetics.com\/en\/wp-json\/wp\/v2\/media?parent=260"}],"wp:term":[{"taxonomy":"product_brand","embeddable":true,"href":"https:\/\/luxartaesthetics.com\/en\/wp-json\/wp\/v2\/product_brand?post=260"},{"taxonomy":"product_cat","embeddable":true,"href":"https:\/\/luxartaesthetics.com\/en\/wp-json\/wp\/v2\/product_cat?post=260"},{"taxonomy":"product_tag","embeddable":true,"href":"https:\/\/luxartaesthetics.com\/en\/wp-json\/wp\/v2\/product_tag?post=260"}],"curies":[{"name":"wp","href":"https:\/\/api.w.org\/{rel}","templated":true}]}}