{"id":268,"date":"2025-07-22T04:43:36","date_gmt":"2025-07-22T04:43:36","guid":{"rendered":"https:\/\/darkgreen-mallard-222988.hostingersite.com\/?post_type=product&#038;p=268"},"modified":"2025-07-30T17:35:57","modified_gmt":"2025-07-30T17:35:57","slug":"obra-de-arte-contemporanea-unica-2","status":"publish","type":"product","link":"https:\/\/luxartaesthetics.com\/en\/producto\/obra-de-arte-contemporanea-unica-2\/","title":{"rendered":"Unique contemporary work of art"},"content":{"rendered":"<p>Descubre nuestra exclusiva selecci\u00f3n de obras de arte en Luxart Aesthetics. Cada pieza es una expresi\u00f3n \u00fanica de creatividad y talento, dise\u00f1ada para embellecer tu espacio. Navega por nuestra galer\u00eda en l\u00ednea y encuentra la obra perfecta que refleje tu estilo personal. Ofrecemos una variedad de estilos y t\u00e9cnicas, asegurando que cada cliente encuentre algo especial. \u00a1Transforma tu hogar con arte que inspira y emociona!<\/p>","protected":false},"excerpt":{"rendered":"<p>Descubre nuestra exclusiva selecci\u00f3n de obras de arte en Luxart Aesthetics. Cada pieza es una expresi\u00f3n \u00fanica de creatividad y talento, dise\u00f1ada para embellecer tu espacio. Navega por nuestra galer\u00eda en l\u00ednea y encuentra la obra perfecta que refleje tu estilo personal. Ofrecemos una variedad de estilos y t\u00e9cnicas, asegurando que cada cliente encuentre algo [&hellip;]<\/p>","protected":false},"featured_media":265,"comment_status":"open","ping_status":"closed","template":"","meta":[],"product_brand":[],"product_cat":[20,15],"product_tag":[],"class_list":{"0":"post-268","1":"product","2":"type-product","3":"status-publish","4":"has-post-thumbnail","6":"product_cat-pinturas","7":"product_cat-sin-categorizar","9":"first","10":"instock","11":"shipping-taxable","12":"purchasable","13":"product-type-simple"},"_links":{"self":[{"href":"https:\/\/luxartaesthetics.com\/en\/wp-json\/wp\/v2\/product\/268","targetHints":{"allow":["GET"]}}],"collection":[{"href":"https:\/\/luxartaesthetics.com\/en\/wp-json\/wp\/v2\/product"}],"about":[{"href":"https:\/\/luxartaesthetics.com\/en\/wp-json\/wp\/v2\/types\/product"}],"replies":[{"embeddable":true,"href":"https:\/\/luxartaesthetics.com\/en\/wp-json\/wp\/v2\/comments?post=268"}],"wp:featuredmedia":[{"embeddable":true,"href":"https:\/\/luxartaesthetics.com\/en\/wp-json\/wp\/v2\/media\/265"}],"wp:attachment":[{"href":"https:\/\/luxartaesthetics.com\/en\/wp-json\/wp\/v2\/media?parent=268"}],"wp:term":[{"taxonomy":"product_brand","embeddable":true,"href":"https:\/\/luxartaesthetics.com\/en\/wp-json\/wp\/v2\/product_brand?post=268"},{"taxonomy":"product_cat","embeddable":true,"href":"https:\/\/luxartaesthetics.com\/en\/wp-json\/wp\/v2\/product_cat?post=268"},{"taxonomy":"product_tag","embeddable":true,"href":"https:\/\/luxartaesthetics.com\/en\/wp-json\/wp\/v2\/product_tag?post=268"}],"curies":[{"name":"wp","href":"https:\/\/api.w.org\/{rel}","templated":true}]}}