{"id":273,"date":"2025-07-22T04:56:25","date_gmt":"2025-07-22T04:56:25","guid":{"rendered":"https:\/\/darkgreen-mallard-222988.hostingersite.com\/?post_type=product&#038;p=273"},"modified":"2025-07-30T17:34:27","modified_gmt":"2025-07-30T17:34:27","slug":"obra-de-arte-exclusiva-moderna-2","status":"publish","type":"product","link":"https:\/\/luxartaesthetics.com\/en\/producto\/obra-de-arte-exclusiva-moderna-2\/","title":{"rendered":"Modern exclusive artwork"},"content":{"rendered":"<p>Descubre nuestra colecci\u00f3n de obras de arte \u00fanicas, creadas por talentosos artistas contempor\u00e1neos. Cada pieza es una expresi\u00f3n de creatividad y pasi\u00f3n, dise\u00f1ada para embellecer tu espacio. En Luxart Aesthetics, ofrecemos una experiencia de compra en l\u00ednea f\u00e1cil y segura, permiti\u00e9ndote adquirir arte de calidad desde la comodidad de tu hogar. No pierdas la oportunidad de poseer una obra que inspire y transforme tu ambiente.<\/p>","protected":false},"excerpt":{"rendered":"<p>Descubre nuestra colecci\u00f3n de obras de arte \u00fanicas, creadas por talentosos artistas contempor\u00e1neos. Cada pieza es una expresi\u00f3n de creatividad y pasi\u00f3n, dise\u00f1ada para embellecer tu espacio. En Luxart Aesthetics, ofrecemos una experiencia de compra en l\u00ednea f\u00e1cil y segura, permiti\u00e9ndote adquirir arte de calidad desde la comodidad de tu hogar. No pierdas la oportunidad [&hellip;]<\/p>","protected":false},"featured_media":274,"comment_status":"open","ping_status":"closed","template":"","meta":[],"product_brand":[],"product_cat":[20,15],"product_tag":[],"class_list":{"0":"post-273","1":"product","2":"type-product","3":"status-publish","4":"has-post-thumbnail","6":"product_cat-pinturas","7":"product_cat-sin-categorizar","9":"first","10":"instock","11":"shipping-taxable","12":"purchasable","13":"product-type-simple"},"_links":{"self":[{"href":"https:\/\/luxartaesthetics.com\/en\/wp-json\/wp\/v2\/product\/273","targetHints":{"allow":["GET"]}}],"collection":[{"href":"https:\/\/luxartaesthetics.com\/en\/wp-json\/wp\/v2\/product"}],"about":[{"href":"https:\/\/luxartaesthetics.com\/en\/wp-json\/wp\/v2\/types\/product"}],"replies":[{"embeddable":true,"href":"https:\/\/luxartaesthetics.com\/en\/wp-json\/wp\/v2\/comments?post=273"}],"wp:featuredmedia":[{"embeddable":true,"href":"https:\/\/luxartaesthetics.com\/en\/wp-json\/wp\/v2\/media\/274"}],"wp:attachment":[{"href":"https:\/\/luxartaesthetics.com\/en\/wp-json\/wp\/v2\/media?parent=273"}],"wp:term":[{"taxonomy":"product_brand","embeddable":true,"href":"https:\/\/luxartaesthetics.com\/en\/wp-json\/wp\/v2\/product_brand?post=273"},{"taxonomy":"product_cat","embeddable":true,"href":"https:\/\/luxartaesthetics.com\/en\/wp-json\/wp\/v2\/product_cat?post=273"},{"taxonomy":"product_tag","embeddable":true,"href":"https:\/\/luxartaesthetics.com\/en\/wp-json\/wp\/v2\/product_tag?post=273"}],"curies":[{"name":"wp","href":"https:\/\/api.w.org\/{rel}","templated":true}]}}